{"id":3552,"date":"2022-07-05T06:06:22","date_gmt":"2022-07-05T06:06:22","guid":{"rendered":"https:\/\/fievutysjg.cfolks.pl\/sp6mikolow\/?page_id=3552"},"modified":"2026-03-14T23:36:08","modified_gmt":"2026-03-14T23:36:08","slug":"dokumenty","status":"publish","type":"page","link":"http:\/\/sp6.mikolow.eu\/index.php\/dokumenty\/","title":{"rendered":"Dokumenty"},"content":{"rendered":"<p><span style=\"font-size: 14pt;\"><strong>Dokumenty:<\/strong><\/span><\/p>\n<ul style=\"list-style-type: disc;\">\n<li><a href=\"http:\/\/sp6.mikolow.eu\/wp-content\/uploads\/2024\/11\/Statut-SP6-2024-ze-zmianami.pdf\">Statut szko\u0142y<\/a><\/li>\n<li><span style=\"font-size: 12pt;\"><a href=\"http:\/\/sp6.mikolow.eu\/wp-content\/uploads\/2024\/09\/program-wych-prof.-2024-25.pdf\">Program wychowawczo-profilaktyczny 2024-25<\/a><\/span><\/li>\n<li><a href=\"http:\/\/sp6.mikolow.eu\/wp-content\/uploads\/2025\/09\/Wyka-podrecznikow.pdf\">Szkolny zestaw podr\u0119cznik\u00f3w 2025-26<\/a><\/li>\n<li><a href=\"http:\/\/sp6.mikolow.eu\/wp-content\/uploads\/2024\/10\/Regulamin-SU.pdf\">Regulamin RSU<\/a><\/li>\n<li><a href=\"http:\/\/sp6.mikolow.eu\/wp-content\/uploads\/2024\/11\/Standardy-SP-nr-6-w-Mikolowie-2.pdf\" target=\"_blank\" rel=\"noopener\">Standardy ochrony ma\u0142oletnich<\/a><\/li>\n<\/ul>\n<p><span style=\"font-size: 14pt;\"><strong>Wnioski:<\/strong><\/span><\/p>\n<ul style=\"list-style-type: disc;\">\n<li><a href=\"http:\/\/sp6.mikolow.eu\/wp-content\/uploads\/2026\/03\/Wniosek-o-wydanie-opinii-o-uczniu.pdf\">O wydanie opinii o uczniu<\/a><\/li>\n<li><a href=\"http:\/\/sp6.mikolow.eu\/wp-content\/uploads\/2023\/11\/wniosek-o-wydanie-duplikatu-karty-rowerowej.docx\">O wydanie duplikatu karty rowerowej<\/a><\/li>\n<li><a href=\"http:\/\/sp6.mikolow.eu\/wp-content\/uploads\/2023\/11\/wniosek-o-wydanie-duplikatu-legitymacji-szkolnej.docx\">O wydanie duplikatu legitymacji szkolnej<\/a><\/li>\n<li><a href=\"http:\/\/sp6.mikolow.eu\/wp-content\/uploads\/2023\/11\/wniosek-o-zwolnienie-z-zajec-wychowania-fizycznego-SP.docx\">O zwolnienie z zaj\u0119\u0107 wychowania fizycznego<\/a><\/li>\n<li><a href=\"http:\/\/sp6.mikolow.eu\/wp-content\/uploads\/2026\/03\/Rezygnacja-z-edukacji-zdrowotnej.pdf\">Rezygnacja z zaj\u0119\u0107 edukacji zdrowotnej<\/a><\/li>\n<\/ul>\n<p><span style=\"font-size: 14pt;\"><strong>Wycieczki szkolne:<\/strong><\/span><\/p>\n<ul style=\"list-style-type: disc;\">\n<li><a href=\"http:\/\/sp6.mikolow.eu\/wp-content\/uploads\/2023\/12\/Regulamin-wycieczek.pdf\">Regulamin wycieczek<\/a>&nbsp; &nbsp; &nbsp;<\/li>\n<li><a href=\"http:\/\/sp6.mikolow.eu\/wp-content\/uploads\/2023\/12\/Zgoda-rodzica.docx\">Zgoda rodzica<\/a><\/li>\n<li><a href=\"http:\/\/sp6.mikolow.eu\/wp-content\/uploads\/2023\/12\/rozliczenie-wycieczki.docx\">Rozliczenie wycieczki<\/a><\/li>\n<\/ul>\n<p><span style=\"font-size: 14pt;\"><strong>J\u0119zyk mniejszo\u015bci (niemiecki):<\/strong><\/span><\/p>\n<ul>\n<li><a href=\"http:\/\/sp6.mikolow.eu\/wp-content\/uploads\/2025\/09\/zapis-na-j.mn_.docx\" target=\"_blank\" rel=\"noopener\">Zapisanie dziecka na j\u0119zyk mniejszo\u015bci<\/a><\/li>\n<li><a href=\"http:\/\/sp6.mikolow.eu\/wp-content\/uploads\/2023\/05\/oswiadczenie-o-rezygnacji-jmn.docx\">O\u015bwiadczenie o rezygnacji z j\u0119zyka mniejszo\u015bci <\/a><\/li>\n<\/ul>\n<p><span style=\"font-size: 14pt;\"><strong>P\u00f3\u0142kolonie:<\/strong><\/span><\/p>\n<ul>\n<li><a href=\"http:\/\/sp6.mikolow.eu\/wp-content\/uploads\/2025\/06\/karta-kwalifikacyjna-polkolonie.docx\" target=\"_blank\" rel=\"noopener\">Karta uczestnika&nbsp;<\/a><\/li>\n<li><a href=\"http:\/\/sp6.mikolow.eu\/wp-content\/uploads\/2025\/06\/zgoda-na-wizerunek.pdf\" target=\"_blank\" rel=\"noopener\">Zgoda na wizerunek<\/a><\/li>\n<li><a href=\"http:\/\/sp6.mikolow.eu\/wp-content\/uploads\/2025\/06\/regulamin-polkolonii.pdf\" target=\"_blank\" rel=\"noopener\">Regulamin<\/a><\/li>\n<\/ul>\n<p>&nbsp;<\/p>\n","protected":false},"excerpt":{"rendered":"<p>Dokumenty: Statut szko\u0142y Program wychowawczo-profilaktyczny 2024-25 Szkolny zestaw podr\u0119cznik\u00f3w 2025-26 Regulamin RSU Standardy ochrony ma\u0142oletnich Wnioski: O wydanie opinii o uczniu O wydanie duplikatu karty rowerowej O wydanie duplikatu legitymacji szkolnej O zwolnienie z zaj\u0119\u0107 wychowania fizycznego Rezygnacja z zaj\u0119\u0107 edukacji zdrowotnej Wycieczki szkolne: Regulamin wycieczek&nbsp; &nbsp; &nbsp; Zgoda rodzica [&hellip;]<\/p>\n","protected":false},"author":1,"featured_media":0,"parent":0,"menu_order":0,"comment_status":"closed","ping_status":"closed","template":"","meta":{"ngg_post_thumbnail":0,"footnotes":""},"class_list":["post-3552","page","type-page","status-publish","hentry"],"_links":{"self":[{"href":"http:\/\/sp6.mikolow.eu\/index.php\/wp-json\/wp\/v2\/pages\/3552","targetHints":{"allow":["GET"]}}],"collection":[{"href":"http:\/\/sp6.mikolow.eu\/index.php\/wp-json\/wp\/v2\/pages"}],"about":[{"href":"http:\/\/sp6.mikolow.eu\/index.php\/wp-json\/wp\/v2\/types\/page"}],"author":[{"embeddable":true,"href":"http:\/\/sp6.mikolow.eu\/index.php\/wp-json\/wp\/v2\/users\/1"}],"replies":[{"embeddable":true,"href":"http:\/\/sp6.mikolow.eu\/index.php\/wp-json\/wp\/v2\/comments?post=3552"}],"version-history":[{"count":39,"href":"http:\/\/sp6.mikolow.eu\/index.php\/wp-json\/wp\/v2\/pages\/3552\/revisions"}],"predecessor-version":[{"id":8296,"href":"http:\/\/sp6.mikolow.eu\/index.php\/wp-json\/wp\/v2\/pages\/3552\/revisions\/8296"}],"wp:attachment":[{"href":"http:\/\/sp6.mikolow.eu\/index.php\/wp-json\/wp\/v2\/media?parent=3552"}],"curies":[{"name":"wp","href":"https:\/\/api.w.org\/{rel}","templated":true}]}}