{"id":4258,"date":"2022-09-06T10:28:18","date_gmt":"2022-09-06T10:28:18","guid":{"rendered":"http:\/\/sp6.mikolow.eu\/?page_id=4258"},"modified":"2022-12-06T10:31:34","modified_gmt":"2022-12-06T10:31:34","slug":"laboratoria-przyszlosci","status":"publish","type":"page","link":"http:\/\/sp6.mikolow.eu\/index.php\/laboratoria-przyszlosci\/","title":{"rendered":"Laboratoria Przysz\u0142o\u015bci"},"content":{"rendered":"<p>Laboratoria Przysz\u0142o\u015bci to program skierowany do szk\u00f3\u0142 podstawowych oraz og\u00f3lnokszta\u0142c\u0105cych szk\u00f3\u0142 artystycznych. Jego celem jest budowanie kompetencji kreatywnych i&nbsp; technicznych w\u015br\u00f3d uczni\u00f3w.<\/p>\n<p>W ramach programu nasza szko\u0142a otrzyma\u0142a od pa\u0144stwa wsparcie na zakup wyposa\u017cenia technicznego niezb\u0119dnego do rozwoju umiej\u0119tno\u015bci praktycznych w\u015br\u00f3d dzieci i m\u0142odzie\u017cy. Laboratoria przysz\u0142o\u015bci to nowoczesny sprz\u0119t, kt\u00f3ry uatrakcyjni zaj\u0119cia szkolne i pozwoli uczniom rozwija\u0107 swoje zainteresowania i umiej\u0119tno\u015bci. W ramach programu nasza szko\u0142a otrzyma\u0142a 84.300,00 z\u0142. z\u0142, dzi\u0119ki czemu mogli\u015bmy zorganizowa\u0107 nowoczesn\u0105 pracowni\u0119.<\/p>\n<p><strong>W ramach otrzymanych \u015brodk\u00f3w zakupili\u015bmy sprz\u0119t:<\/strong><\/p>\n<ul>\n<li>drukarki 3D wraz materia\u0142ami eksploatacyjnymi<\/li>\n<li>roboty edukacyjne wraz z akcesoriami &#8211; Krypton&nbsp;<\/li>\n<li>laptop do drukarki 3D<\/li>\n<li>robot edukacyjny wraz z akcesoriami &#8211; Edu Tello<\/li>\n<li>google Wirtualnej Rzeczywisto\u015bci (VR) wraz z akcesoriami<\/li>\n<li>lutownica \/ stacja lutownicza z gor\u0105cym powietrzem<\/li>\n<li>mikrokontroler z czujnikami i akcesoriami&nbsp;<\/li>\n<li>aparat fotograficzny wraz z akcesoriami&nbsp;<\/li>\n<li>mikroport z akcesoriami&nbsp;<\/li>\n<li>o\u015bwietlenie do realizacji nagra\u0144<\/li>\n<li>mikrofon kierunkowy z akcesoriami&nbsp;<\/li>\n<li>gimball&nbsp;<\/li>\n<li>s\u0142uchawki studyjne&nbsp;<\/li>\n<li>statywy z akcesoriami&nbsp;<\/li>\n<li>blenda fotograficzna<\/li>\n<li>greenscreen<\/li>\n<\/ul>\n<p>Zakupiony sprz\u0119t b\u0119dzie wykorzystywany w szkole na zaj\u0119ciach lekcyjnych&nbsp;<\/p>\n","protected":false},"excerpt":{"rendered":"<p>Laboratoria Przysz\u0142o\u015bci to program skierowany do szk\u00f3\u0142 podstawowych oraz og\u00f3lnokszta\u0142c\u0105cych szk\u00f3\u0142 artystycznych. Jego celem jest budowanie kompetencji kreatywnych i&nbsp; technicznych w\u015br\u00f3d uczni\u00f3w. W ramach programu nasza szko\u0142a otrzyma\u0142a od pa\u0144stwa wsparcie na zakup wyposa\u017cenia technicznego niezb\u0119dnego do rozwoju umiej\u0119tno\u015bci praktycznych w\u015br\u00f3d dzieci i m\u0142odzie\u017cy. Laboratoria przysz\u0142o\u015bci to nowoczesny sprz\u0119t, kt\u00f3ry [&hellip;]<\/p>\n","protected":false},"author":2,"featured_media":4259,"parent":0,"menu_order":0,"comment_status":"closed","ping_status":"closed","template":"","meta":{"ngg_post_thumbnail":0,"footnotes":""},"class_list":["post-4258","page","type-page","status-publish","has-post-thumbnail","hentry"],"_links":{"self":[{"href":"http:\/\/sp6.mikolow.eu\/index.php\/wp-json\/wp\/v2\/pages\/4258","targetHints":{"allow":["GET"]}}],"collection":[{"href":"http:\/\/sp6.mikolow.eu\/index.php\/wp-json\/wp\/v2\/pages"}],"about":[{"href":"http:\/\/sp6.mikolow.eu\/index.php\/wp-json\/wp\/v2\/types\/page"}],"author":[{"embeddable":true,"href":"http:\/\/sp6.mikolow.eu\/index.php\/wp-json\/wp\/v2\/users\/2"}],"replies":[{"embeddable":true,"href":"http:\/\/sp6.mikolow.eu\/index.php\/wp-json\/wp\/v2\/comments?post=4258"}],"version-history":[{"count":1,"href":"http:\/\/sp6.mikolow.eu\/index.php\/wp-json\/wp\/v2\/pages\/4258\/revisions"}],"predecessor-version":[{"id":4260,"href":"http:\/\/sp6.mikolow.eu\/index.php\/wp-json\/wp\/v2\/pages\/4258\/revisions\/4260"}],"wp:featuredmedia":[{"embeddable":true,"href":"http:\/\/sp6.mikolow.eu\/index.php\/wp-json\/wp\/v2\/media\/4259"}],"wp:attachment":[{"href":"http:\/\/sp6.mikolow.eu\/index.php\/wp-json\/wp\/v2\/media?parent=4258"}],"curies":[{"name":"wp","href":"https:\/\/api.w.org\/{rel}","templated":true}]}}