{"id":4711,"date":"2023-03-28T15:56:08","date_gmt":"2023-03-28T15:56:08","guid":{"rendered":"http:\/\/sp6.mikolow.eu\/?page_id=4711"},"modified":"2026-03-12T18:47:06","modified_gmt":"2026-03-12T18:47:06","slug":"kolo-wolontariatu","status":"publish","type":"page","link":"http:\/\/sp6.mikolow.eu\/index.php\/kolo-wolontariatu\/","title":{"rendered":"Ko\u0142o Wolontariatu"},"content":{"rendered":"<p style=\"text-align: left;\"><strong>Opiekun: <span style=\"color: #008000;\">mgr Katarzyna Jankowiak<\/span><\/strong><\/p>\n<p><strong>Cz\u0142onkowie:<\/strong> Szkolne Ko\u0142o Wolontariatu zrzesza Uczni\u00f3w naszej szko\u0142y <span style=\"color: #008000;\"><strong>od 5 klasy wzwy\u017c<\/strong><\/span>. W tym roku szkolnym liczy oko\u0142o <span style=\"color: #008000;\"><strong>45 cz\u0142onk\u00f3w<\/strong><\/span>, a ka\u017cdy z nich realizuje si\u0119 w r\u00f3\u017cnorodnych akcjach inicjowanych na terenie szko\u0142y i poza ni\u0105. Grupa nie jest sta\u0142a i jednorodna, ka\u017cde z nas anga\u017cuje si\u0119 w zgodzie ze sob\u0105. Dzi\u0119ki temu jeste\u015bmy skuteczni i wszelkie inicjatywy wie\u0144czone s\u0105 sukcesem.<\/p>\n<p><strong>Dzia\u0142ania:<\/strong> Dzia\u0142amy na terenie naszej plac\u00f3wki, organizuj\u0105c kiermasze i obchody dni wyj\u0105tkowych, jak cho\u0107by \u015awiatowy Dzie\u0144 Drzewa czy Dzie\u0144 Postaci z Bajek, Tydzie\u0144 \u017byczliwo\u015bci. Ch\u0119tnie anga\u017cujemy si\u0119 w wydarzenia i akcje przeprowadzane przez Samorz\u0105d Szkolny oraz innych cz\u0142onk\u00f3w naszej spo\u0142eczno\u015bci. Przede wszystkim jednak szerzymy <span style=\"color: #008000;\"><strong>DOBRO<\/strong><\/span>, poniewa\u017c wierzymy, \u017ce mno\u017cy si\u0119 ono, gdy nim si\u0119 dzielimy.<\/p>\n<p><strong>Partnerzy:<\/strong> Wspieramy organizacje i instytucje, szczeg\u00f3lnie za\u015b te lokalne, mi\u0119dzy innymi:<\/p>\n<ul>\n<li><a href=\"https:\/\/fundacjastoserc.pl\">Fundacja &#8222;Sto Serc&#8221; w Miko\u0142owie<\/a>,<\/li>\n<li><a href=\"https:\/\/www.borowa-wies.pl\">O\u015brodek dla Os\u00f3b Niepe\u0142nosprawnych &#8222;Mi\u0142osierdzie Bo\u017ce&#8221; w Miko\u0142owie-Borowej Wsi<\/a>,<\/li>\n<li><a href=\"https:\/\/lesnepogotowie.pl\">Le\u015bne Pogotowie w Miko\u0142owie<\/a>,<\/li>\n<li><a href=\"https:\/\/fauna.rsl.pl\">Schronisko dla zwierz\u0105t &#8222;Fauna&#8221; w Rudzie \u015al\u0105skiej<\/a>.<\/li>\n<\/ul>\n","protected":false},"excerpt":{"rendered":"<p>Opiekun: mgr Katarzyna Jankowiak Cz\u0142onkowie: Szkolne Ko\u0142o Wolontariatu zrzesza Uczni\u00f3w naszej szko\u0142y od 5 klasy wzwy\u017c. W tym roku szkolnym liczy oko\u0142o 45 cz\u0142onk\u00f3w, a ka\u017cdy z nich realizuje si\u0119 w r\u00f3\u017cnorodnych akcjach inicjowanych na terenie szko\u0142y i poza ni\u0105. Grupa nie jest sta\u0142a i jednorodna, ka\u017cde z nas anga\u017cuje [&hellip;]<\/p>\n","protected":false},"author":2,"featured_media":0,"parent":0,"menu_order":0,"comment_status":"closed","ping_status":"closed","template":"","meta":{"ngg_post_thumbnail":0,"footnotes":""},"class_list":["post-4711","page","type-page","status-publish","hentry"],"_links":{"self":[{"href":"http:\/\/sp6.mikolow.eu\/index.php\/wp-json\/wp\/v2\/pages\/4711","targetHints":{"allow":["GET"]}}],"collection":[{"href":"http:\/\/sp6.mikolow.eu\/index.php\/wp-json\/wp\/v2\/pages"}],"about":[{"href":"http:\/\/sp6.mikolow.eu\/index.php\/wp-json\/wp\/v2\/types\/page"}],"author":[{"embeddable":true,"href":"http:\/\/sp6.mikolow.eu\/index.php\/wp-json\/wp\/v2\/users\/2"}],"replies":[{"embeddable":true,"href":"http:\/\/sp6.mikolow.eu\/index.php\/wp-json\/wp\/v2\/comments?post=4711"}],"version-history":[{"count":15,"href":"http:\/\/sp6.mikolow.eu\/index.php\/wp-json\/wp\/v2\/pages\/4711\/revisions"}],"predecessor-version":[{"id":8286,"href":"http:\/\/sp6.mikolow.eu\/index.php\/wp-json\/wp\/v2\/pages\/4711\/revisions\/8286"}],"wp:attachment":[{"href":"http:\/\/sp6.mikolow.eu\/index.php\/wp-json\/wp\/v2\/media?parent=4711"}],"curies":[{"name":"wp","href":"https:\/\/api.w.org\/{rel}","templated":true}]}}