{"id":5989,"date":"2024-03-03T16:59:57","date_gmt":"2024-03-03T16:59:57","guid":{"rendered":"https:\/\/sp6.mikolow.eu\/?page_id=5989"},"modified":"2024-03-05T19:56:53","modified_gmt":"2024-03-05T19:56:53","slug":"swietlica","status":"publish","type":"page","link":"http:\/\/sp6.mikolow.eu\/index.php\/swietlica\/","title":{"rendered":"\u015awietlica"},"content":{"rendered":"<p><strong>Godziny pracy:<\/strong> 7:00-16:30<\/p>\n<p><strong>Telefon:<\/strong> 576 965 465<\/p>\n<p><strong>Kierownik:<\/strong> mgr Katarzyna Ambro\u017cy<\/p>\n<p><strong>Zaplecze: <\/strong>Zaj\u0119cia \u015bwietlicowe prowadzone s\u0105 w budynku so\u0142tys\u00f3wki, kt\u00f3ry stoi tu\u017c obok szko\u0142y. Dzieci maj\u0105 do dyspozycji du\u017c\u0105 sal\u0119, wyposa\u017con\u0105 w gry, puzzle, zabawki, pomoce dydaktyczne. W pogodne dni dzieci pod opiek\u0105 wychowawc\u00f3w wychodz\u0105 na plac zabaw, si\u0142owni\u0119 oraz boiska, kt\u00f3re znajduj\u0105 si\u0119 na terenie kompleksu szko\u0142a-so\u0142tys\u00f3wka.&nbsp;<\/p>\n","protected":false},"excerpt":{"rendered":"<p>Godziny pracy: 7:00-16:30 Telefon: 576 965 465 Kierownik: mgr Katarzyna Ambro\u017cy Zaplecze: Zaj\u0119cia \u015bwietlicowe prowadzone s\u0105 w budynku so\u0142tys\u00f3wki, kt\u00f3ry stoi tu\u017c obok szko\u0142y. Dzieci maj\u0105 do dyspozycji du\u017c\u0105 sal\u0119, wyposa\u017con\u0105 w gry, puzzle, zabawki, pomoce dydaktyczne. W pogodne dni dzieci pod opiek\u0105 wychowawc\u00f3w wychodz\u0105 na plac zabaw, si\u0142owni\u0119 oraz [&hellip;]<\/p>\n","protected":false},"author":7,"featured_media":0,"parent":0,"menu_order":0,"comment_status":"closed","ping_status":"closed","template":"","meta":{"ngg_post_thumbnail":0,"footnotes":""},"class_list":["post-5989","page","type-page","status-publish","hentry"],"_links":{"self":[{"href":"http:\/\/sp6.mikolow.eu\/index.php\/wp-json\/wp\/v2\/pages\/5989","targetHints":{"allow":["GET"]}}],"collection":[{"href":"http:\/\/sp6.mikolow.eu\/index.php\/wp-json\/wp\/v2\/pages"}],"about":[{"href":"http:\/\/sp6.mikolow.eu\/index.php\/wp-json\/wp\/v2\/types\/page"}],"author":[{"embeddable":true,"href":"http:\/\/sp6.mikolow.eu\/index.php\/wp-json\/wp\/v2\/users\/7"}],"replies":[{"embeddable":true,"href":"http:\/\/sp6.mikolow.eu\/index.php\/wp-json\/wp\/v2\/comments?post=5989"}],"version-history":[{"count":5,"href":"http:\/\/sp6.mikolow.eu\/index.php\/wp-json\/wp\/v2\/pages\/5989\/revisions"}],"predecessor-version":[{"id":6095,"href":"http:\/\/sp6.mikolow.eu\/index.php\/wp-json\/wp\/v2\/pages\/5989\/revisions\/6095"}],"wp:attachment":[{"href":"http:\/\/sp6.mikolow.eu\/index.php\/wp-json\/wp\/v2\/media?parent=5989"}],"curies":[{"name":"wp","href":"https:\/\/api.w.org\/{rel}","templated":true}]}}