{"id":6074,"date":"2024-03-04T20:39:46","date_gmt":"2024-03-04T20:39:46","guid":{"rendered":"https:\/\/sp6.mikolow.eu\/?page_id=6074"},"modified":"2026-01-29T20:03:34","modified_gmt":"2026-01-29T20:03:34","slug":"dyrektorzy","status":"publish","type":"page","link":"http:\/\/sp6.mikolow.eu\/index.php\/dyrektorzy\/","title":{"rendered":"Poprzedni dyrektorzy"},"content":{"rendered":"<h2 align=\"center\"><span style=\"font-size: 18pt; color: #008000;\"><strong><span style=\"font-family: arial, helvetica, sans-serif;\">Kierownicy i dyrektorzy szko\u0142y<\/span><\/strong><\/span><\/h2>\n<ul style=\"list-style-type: square;\">\n<li><span style=\"font-family: arial, helvetica, sans-serif;\"><strong>Spruch Ignatz<\/strong><strong>&nbsp;&#8211;&nbsp;<\/strong>1883-1892<\/span><\/li>\n<li><span style=\"font-family: arial, helvetica, sans-serif;\"><strong>Wiesiollek Robert<\/strong>&nbsp;&#8211; 1892-1914&nbsp;<\/span><\/li>\n<li><span style=\"font-family: arial, helvetica, sans-serif;\"><strong>Hermann ?<\/strong> &#8211; 1914-1922 (?)&nbsp; &nbsp; &nbsp;&nbsp;<\/span><\/li>\n<li><span style=\"font-family: arial, helvetica, sans-serif;\"><strong>Bieniek Jan<\/strong>&nbsp;<strong>&#8211;&nbsp;<\/strong>1922-1935<\/span><\/li>\n<li><span style=\"font-family: arial, helvetica, sans-serif;\"><strong>Szczepanik Andrzej<\/strong>&nbsp;<strong>&#8211;&nbsp;<\/strong>1935-1938<\/span><\/li>\n<li><span style=\"font-family: arial, helvetica, sans-serif;\"><strong>Gathner J\u00f3zef&nbsp;&#8211;&nbsp;<\/strong>1938-1946<\/span><\/li>\n<li><span style=\"font-family: arial, helvetica, sans-serif;\"><strong>Weidner Alfred<\/strong>&nbsp;<strong>&#8211;&nbsp;<\/strong>1940-1945<\/span><\/li>\n<li><span style=\"font-family: arial, helvetica, sans-serif;\"><strong>Pawlica J\u00f3zef<\/strong>&nbsp;<strong>&#8211;&nbsp;<\/strong>1946-1949<\/span><\/li>\n<li><span style=\"font-family: arial, helvetica, sans-serif;\"><strong>Wygrabek J\u00f3zef<\/strong> &#8211; 1949-1969<\/span><\/li>\n<li><span style=\"font-family: arial, helvetica, sans-serif;\"><strong>Muskietorz (Kie\u0142kowska) Helena&nbsp;&#8211;&nbsp;<\/strong>1968-1969<\/span><\/li>\n<li><span style=\"font-family: arial, helvetica, sans-serif;\"><strong>\u015awiercz Stanis\u0142aw&nbsp;<\/strong>&#8211; 1969-1980<\/span><\/li>\n<li><span style=\"font-family: arial, helvetica, sans-serif;\"><strong>Lipina Pawe\u0142<\/strong> &#8211; 1980-1982<\/span><\/li>\n<li><span style=\"font-family: arial, helvetica, sans-serif;\"><strong>Socha Tadeusz<\/strong> &#8211; 1982-1988<\/span><\/li>\n<li><span style=\"font-family: arial, helvetica, sans-serif;\"><strong>Pieszczek (Wasik) Rozalia<\/strong> &#8211; 1988-1998<\/span><\/li>\n<li><span style=\"font-family: arial, helvetica, sans-serif;\"><strong>Cicho\u0144 (Kozyra) El\u017cbieta&nbsp;<\/strong>&#8211; 1998-2005<\/span><\/li>\n<li><span style=\"font-family: arial, helvetica, sans-serif;\"><strong>Benisz Teresa<\/strong> &#8211; 2005-2016<\/span><\/li>\n<li><span style=\"font-family: arial, helvetica, sans-serif;\"><strong>G\u0142adzik Magdalena<\/strong> &#8211; 2016-2025<\/span><\/li>\n<li><span style=\"font-family: arial, helvetica, sans-serif;\"><strong>Karolina \u015anieg<\/strong> &#8211; od 2025<\/span><\/li>\n<\/ul>\n<div class=\"table-responsive\">&nbsp;<\/div>\n<p><span style=\"font-family: arial, helvetica, sans-serif;\"><strong>Wi\u0119cej informacji:<\/strong>&nbsp;<\/span><a href=\"https:\/\/www.sbc.org.pl\/dlibra\/publication\/63412\/edition\/59631\/content\"><em><span style=\"font-family: arial, helvetica, sans-serif;\">Historia szko\u0142y w Miko\u0142owie &#8211; Borowej Wsi na tle dziej\u00f3w miejscowo\u015bci<\/span><\/em><\/a><\/p>\n","protected":false},"excerpt":{"rendered":"<p>Kierownicy i dyrektorzy szko\u0142y Spruch Ignatz&nbsp;&#8211;&nbsp;1883-1892 Wiesiollek Robert&nbsp;&#8211; 1892-1914&nbsp; Hermann ? &#8211; 1914-1922 (?)&nbsp; &nbsp; &nbsp;&nbsp; Bieniek Jan&nbsp;&#8211;&nbsp;1922-1935 Szczepanik Andrzej&nbsp;&#8211;&nbsp;1935-1938 Gathner J\u00f3zef&nbsp;&#8211;&nbsp;1938-1946 Weidner Alfred&nbsp;&#8211;&nbsp;1940-1945 Pawlica J\u00f3zef&nbsp;&#8211;&nbsp;1946-1949 Wygrabek J\u00f3zef &#8211; 1949-1969 Muskietorz (Kie\u0142kowska) Helena&nbsp;&#8211;&nbsp;1968-1969 \u015awiercz Stanis\u0142aw&nbsp;&#8211; 1969-1980 Lipina Pawe\u0142 &#8211; 1980-1982 Socha Tadeusz &#8211; 1982-1988 Pieszczek (Wasik) Rozalia &#8211; 1988-1998 Cicho\u0144 [&hellip;]<\/p>\n","protected":false},"author":7,"featured_media":0,"parent":0,"menu_order":0,"comment_status":"closed","ping_status":"closed","template":"","meta":{"ngg_post_thumbnail":0,"footnotes":""},"class_list":["post-6074","page","type-page","status-publish","hentry"],"_links":{"self":[{"href":"http:\/\/sp6.mikolow.eu\/index.php\/wp-json\/wp\/v2\/pages\/6074","targetHints":{"allow":["GET"]}}],"collection":[{"href":"http:\/\/sp6.mikolow.eu\/index.php\/wp-json\/wp\/v2\/pages"}],"about":[{"href":"http:\/\/sp6.mikolow.eu\/index.php\/wp-json\/wp\/v2\/types\/page"}],"author":[{"embeddable":true,"href":"http:\/\/sp6.mikolow.eu\/index.php\/wp-json\/wp\/v2\/users\/7"}],"replies":[{"embeddable":true,"href":"http:\/\/sp6.mikolow.eu\/index.php\/wp-json\/wp\/v2\/comments?post=6074"}],"version-history":[{"count":4,"href":"http:\/\/sp6.mikolow.eu\/index.php\/wp-json\/wp\/v2\/pages\/6074\/revisions"}],"predecessor-version":[{"id":8210,"href":"http:\/\/sp6.mikolow.eu\/index.php\/wp-json\/wp\/v2\/pages\/6074\/revisions\/8210"}],"wp:attachment":[{"href":"http:\/\/sp6.mikolow.eu\/index.php\/wp-json\/wp\/v2\/media?parent=6074"}],"curies":[{"name":"wp","href":"https:\/\/api.w.org\/{rel}","templated":true}]}}