{"id":6221,"date":"2024-03-17T20:11:40","date_gmt":"2024-03-17T20:11:40","guid":{"rendered":"https:\/\/sp6.mikolow.eu\/?page_id=6221"},"modified":"2026-01-28T21:07:44","modified_gmt":"2026-01-28T21:07:44","slug":"nasza-szkole-odwiedzili","status":"publish","type":"page","link":"http:\/\/sp6.mikolow.eu\/index.php\/nasza-szkole-odwiedzili\/","title":{"rendered":"Nasz\u0105 szko\u0142\u0119 odwiedzili"},"content":{"rendered":"<p><a href=\"http:\/\/sp6.mikolow.eu\/wp-content\/uploads\/2026\/01\/Spotkanie-W.-Cichon-6.jpg\"><img fetchpriority=\"high\" decoding=\"async\" class=\"alignleft wp-image-8196\" src=\"http:\/\/sp6.mikolow.eu\/wp-content\/uploads\/2026\/01\/Spotkanie-W.-Cichon-6-1024x561.jpg\" alt=\"\" width=\"303\" height=\"166\" srcset=\"http:\/\/sp6.mikolow.eu\/wp-content\/uploads\/2026\/01\/Spotkanie-W.-Cichon-6-1024x561.jpg 1024w, http:\/\/sp6.mikolow.eu\/wp-content\/uploads\/2026\/01\/Spotkanie-W.-Cichon-6-300x164.jpg 300w, http:\/\/sp6.mikolow.eu\/wp-content\/uploads\/2026\/01\/Spotkanie-W.-Cichon-6-768x421.jpg 768w, http:\/\/sp6.mikolow.eu\/wp-content\/uploads\/2026\/01\/Spotkanie-W.-Cichon-6.jpg 1201w\" sizes=\"(max-width: 303px) 100vw, 303px\" \/><\/a><\/p>\n<p><span style=\"font-size: 18pt; color: #008000;\"><strong>Waldemar Cicho\u0144<\/strong><\/span><strong> &#8211; 27 stycznia 2026<\/strong><\/p>\n<p>Pisarz, autor ksi\u0105\u017cek dla dzieci w tym popularnej serii o przygodach kota Cukierka.&nbsp;<\/p>\n<p>&nbsp;<\/p>\n<p>&nbsp;<\/p>\n<p><a href=\"http:\/\/sp6.mikolow.eu\/wp-content\/uploads\/2024\/03\/Dni-Slaskie-2024-7.jpg\"><img decoding=\"async\" class=\"wp-image-6196 alignleft\" src=\"http:\/\/sp6.mikolow.eu\/wp-content\/uploads\/2024\/03\/Dni-Slaskie-2024-7-1024x669.jpg\" alt=\"\" width=\"305\" height=\"199\" srcset=\"http:\/\/sp6.mikolow.eu\/wp-content\/uploads\/2024\/03\/Dni-Slaskie-2024-7-1024x669.jpg 1024w, http:\/\/sp6.mikolow.eu\/wp-content\/uploads\/2024\/03\/Dni-Slaskie-2024-7-300x196.jpg 300w, http:\/\/sp6.mikolow.eu\/wp-content\/uploads\/2024\/03\/Dni-Slaskie-2024-7-768x502.jpg 768w, http:\/\/sp6.mikolow.eu\/wp-content\/uploads\/2024\/03\/Dni-Slaskie-2024-7-1536x1004.jpg 1536w, http:\/\/sp6.mikolow.eu\/wp-content\/uploads\/2024\/03\/Dni-Slaskie-2024-7.jpg 1751w\" sizes=\"(max-width: 305px) 100vw, 305px\" \/><\/a><\/p>\n<p><span style=\"font-size: 18pt; color: #008000;\"><strong>Marek Szo\u0142tysek<\/strong><\/span><strong>&nbsp;&#8211; 15 marca 2024<\/strong><\/p>\n<p>Historyk, dziennikarz, podr\u00f3\u017cnik, popularyzator kultury i historii regionu. Autor ponad 30. ksi\u0105\u017cek o G\u00f3rnym \u015al\u0105sku, a tak\u017ce licznych felieton\u00f3w prasowych, radiowych i telewizyjnych.&nbsp;<\/p>\n<p>&nbsp;<\/p>\n<p>&nbsp;<\/p>\n<p><span style=\"font-size: 18pt; color: #008000;\"><strong>dr Wanda P\u00f3\u0142tawska<\/strong><\/span><strong> &#8211; 15 pa\u017adziernika 2013<\/strong><\/p>\n<p>Lekarka, psychiatra, wi\u0119\u017aniarka niemieckiego obozu koncentracyjnego w Ravensbr\u00fcck. Wsp\u00f3\u0142pracownica i przyjaci\u00f3\u0142ka patrona naszej szko\u0142y &#8211; Jana Paw\u0142a II. Dama Orderu Or\u0142a Bia\u0142ego.<\/p>\n","protected":false},"excerpt":{"rendered":"<p>Waldemar Cicho\u0144 &#8211; 27 stycznia 2026 Pisarz, autor ksi\u0105\u017cek dla dzieci w tym popularnej serii o przygodach kota Cukierka.&nbsp; &nbsp; &nbsp; Marek Szo\u0142tysek&nbsp;&#8211; 15 marca 2024 Historyk, dziennikarz, podr\u00f3\u017cnik, popularyzator kultury i historii regionu. Autor ponad 30. ksi\u0105\u017cek o G\u00f3rnym \u015al\u0105sku, a tak\u017ce licznych felieton\u00f3w prasowych, radiowych i telewizyjnych.&nbsp; &nbsp; [&hellip;]<\/p>\n","protected":false},"author":7,"featured_media":0,"parent":0,"menu_order":0,"comment_status":"closed","ping_status":"closed","template":"","meta":{"ngg_post_thumbnail":0,"footnotes":""},"class_list":["post-6221","page","type-page","status-publish","hentry"],"_links":{"self":[{"href":"http:\/\/sp6.mikolow.eu\/index.php\/wp-json\/wp\/v2\/pages\/6221","targetHints":{"allow":["GET"]}}],"collection":[{"href":"http:\/\/sp6.mikolow.eu\/index.php\/wp-json\/wp\/v2\/pages"}],"about":[{"href":"http:\/\/sp6.mikolow.eu\/index.php\/wp-json\/wp\/v2\/types\/page"}],"author":[{"embeddable":true,"href":"http:\/\/sp6.mikolow.eu\/index.php\/wp-json\/wp\/v2\/users\/7"}],"replies":[{"embeddable":true,"href":"http:\/\/sp6.mikolow.eu\/index.php\/wp-json\/wp\/v2\/comments?post=6221"}],"version-history":[{"count":15,"href":"http:\/\/sp6.mikolow.eu\/index.php\/wp-json\/wp\/v2\/pages\/6221\/revisions"}],"predecessor-version":[{"id":8199,"href":"http:\/\/sp6.mikolow.eu\/index.php\/wp-json\/wp\/v2\/pages\/6221\/revisions\/8199"}],"wp:attachment":[{"href":"http:\/\/sp6.mikolow.eu\/index.php\/wp-json\/wp\/v2\/media?parent=6221"}],"curies":[{"name":"wp","href":"https:\/\/api.w.org\/{rel}","templated":true}]}}