{"id":6615,"date":"2024-06-10T07:29:56","date_gmt":"2024-06-10T07:29:56","guid":{"rendered":"https:\/\/sp6.mikolow.eu\/?page_id=6615"},"modified":"2024-06-10T07:29:56","modified_gmt":"2024-06-10T07:29:56","slug":"hymn-ogolnopolskiej-rodziny-szkol-noszacych-imie-jana-pawla-ii","status":"publish","type":"page","link":"http:\/\/sp6.mikolow.eu\/index.php\/hymn-ogolnopolskiej-rodziny-szkol-noszacych-imie-jana-pawla-ii\/","title":{"rendered":"HYMN OG\u00d3LNOPOLSKIEJ RODZINY SZK\u00d3\u0141  NOSZ\u0104CYCH IMI\u0118 JANA PAW\u0141A II"},"content":{"rendered":"<p><img fetchpriority=\"high\" decoding=\"async\" class=\"size-full wp-image-6616 aligncenter\" src=\"http:\/\/sp6.mikolow.eu\/wp-content\/uploads\/2024\/06\/logo.png\" alt=\"logo rodziny szk\u00f3\u0142 im. Jana Paw\u0142a II\" width=\"225\" height=\"224\" srcset=\"http:\/\/sp6.mikolow.eu\/wp-content\/uploads\/2024\/06\/logo.png 225w, http:\/\/sp6.mikolow.eu\/wp-content\/uploads\/2024\/06\/logo-150x150.png 150w, http:\/\/sp6.mikolow.eu\/wp-content\/uploads\/2024\/06\/logo-90x90.png 90w\" sizes=\"(max-width: 225px) 100vw, 225px\" \/><\/p>\n<ol>\n<li>My, Jana Paw\u0142a uczniowie<\/li>\n<\/ol>\n<p>s\u0142owa Ojca w czyn chcemy przemienia\u0107<\/p>\n<p>pomaga\u0107 ludziom i wci\u0105\u017c pami\u0119ta\u0107.<\/p>\n<p><strong><u>Ref.<\/u><\/strong> Twoje my\u015bli, kt\u00f3re drogi wskazuj\u0105.<br \/>\nTwoje s\u0142owa, kt\u00f3re ucz\u0105 m\u0105dro\u015bci.<br \/>\nTwoje czyny przepe\u0142nione mi\u0142o\u015bci\u0105,<br \/>\nby na zawsze czyste serce ju\u017c mie\u0107.<\/p>\n<ol start=\"2\">\n<li>Trudno by\u0107 dobrym cz\u0142owiekiem<\/li>\n<\/ol>\n<p>gdy \u015bwiat p\u0119dzi i goni bez celu,<\/p>\n<p>dlatego razem przypomnie\u0107 warto.<\/p>\n<p><strong><u>Ref.<\/u><\/strong> Twoje my\u015bli, kt\u00f3re drogi wskazuj\u0105.<br \/>\nTwoje s\u0142owa, kt\u00f3re ucz\u0105 m\u0105dro\u015bci.<br \/>\nTwoje czyny przepe\u0142nione mi\u0142o\u015bci\u0105,<br \/>\nby na zawsze czyste serce ju\u017c mie\u0107.<\/p>\n<p>\/s\u0142owa: pani Aneta Franke<br \/>\n\u2013 nauczycielka Gimnazjum nr 3 im. Jana Paw\u0142a II w Hrubieszowie\/<br \/>\n(na melodi\u0119 Barki od 25.05.2007 r.)<\/p>\n","protected":false},"excerpt":{"rendered":"<p>My, Jana Paw\u0142a uczniowie s\u0142owa Ojca w czyn chcemy przemienia\u0107 pomaga\u0107 ludziom i wci\u0105\u017c pami\u0119ta\u0107. Ref. Twoje my\u015bli, kt\u00f3re drogi wskazuj\u0105. Twoje s\u0142owa, kt\u00f3re ucz\u0105 m\u0105dro\u015bci. Twoje czyny przepe\u0142nione mi\u0142o\u015bci\u0105, by na zawsze czyste serce ju\u017c mie\u0107. Trudno by\u0107 dobrym cz\u0142owiekiem gdy \u015bwiat p\u0119dzi i goni bez celu, dlatego razem [&hellip;]<\/p>\n","protected":false},"author":6,"featured_media":0,"parent":0,"menu_order":0,"comment_status":"closed","ping_status":"closed","template":"","meta":{"ngg_post_thumbnail":0,"footnotes":""},"class_list":["post-6615","page","type-page","status-publish","hentry"],"_links":{"self":[{"href":"http:\/\/sp6.mikolow.eu\/index.php\/wp-json\/wp\/v2\/pages\/6615","targetHints":{"allow":["GET"]}}],"collection":[{"href":"http:\/\/sp6.mikolow.eu\/index.php\/wp-json\/wp\/v2\/pages"}],"about":[{"href":"http:\/\/sp6.mikolow.eu\/index.php\/wp-json\/wp\/v2\/types\/page"}],"author":[{"embeddable":true,"href":"http:\/\/sp6.mikolow.eu\/index.php\/wp-json\/wp\/v2\/users\/6"}],"replies":[{"embeddable":true,"href":"http:\/\/sp6.mikolow.eu\/index.php\/wp-json\/wp\/v2\/comments?post=6615"}],"version-history":[{"count":1,"href":"http:\/\/sp6.mikolow.eu\/index.php\/wp-json\/wp\/v2\/pages\/6615\/revisions"}],"predecessor-version":[{"id":6617,"href":"http:\/\/sp6.mikolow.eu\/index.php\/wp-json\/wp\/v2\/pages\/6615\/revisions\/6617"}],"wp:attachment":[{"href":"http:\/\/sp6.mikolow.eu\/index.php\/wp-json\/wp\/v2\/media?parent=6615"}],"curies":[{"name":"wp","href":"https:\/\/api.w.org\/{rel}","templated":true}]}}