{"id":6619,"date":"2024-06-10T07:36:14","date_gmt":"2024-06-10T07:36:14","guid":{"rendered":"https:\/\/sp6.mikolow.eu\/?page_id=6619"},"modified":"2024-06-12T15:09:29","modified_gmt":"2024-06-12T15:09:29","slug":"hymn-szkoly-podstawowej-nr-6-imienia-jana-pawla-ii-w-mikolowie-borowej-wsi","status":"publish","type":"page","link":"http:\/\/sp6.mikolow.eu\/index.php\/hymn-szkoly-podstawowej-nr-6-imienia-jana-pawla-ii-w-mikolowie-borowej-wsi\/","title":{"rendered":"HYMN NASZEJ SZKO\u0141Y"},"content":{"rendered":"<p><img decoding=\"async\" class=\"size-full wp-image-6620 aligncenter\" src=\"http:\/\/sp6.mikolow.eu\/wp-content\/uploads\/2024\/06\/sp6.png\" alt=\"logo szko\u0142y\" width=\"163\" height=\"163\" srcset=\"http:\/\/sp6.mikolow.eu\/wp-content\/uploads\/2024\/06\/sp6.png 163w, http:\/\/sp6.mikolow.eu\/wp-content\/uploads\/2024\/06\/sp6-150x150.png 150w, http:\/\/sp6.mikolow.eu\/wp-content\/uploads\/2024\/06\/sp6-90x90.png 90w\" sizes=\"(max-width: 163px) 100vw, 163px\" \/><\/p>\n<p>Hymn powsta\u0142 z okazji setnych urodzin papie\u017ca Jana Paw\u0142a II \u2013 patrona naszej szko\u0142y, kt\u00f3ry kocha\u0142 ka\u017cdego bez wyj\u0105tku. Chcia\u0142abym, aby wszyscy ludzie na \u015bwiecie brali z niego przyk\u0142ad.<\/p>\n<p>\/Tekst: Paulina Krzysteczko, absolwentka naszej szko\u0142y\/<\/p>\n<ol>\n<li>Czasem dziwny jest ten \u015bwiat,<br \/>\nNie zawsze z bratem idzie brat,<br \/>\nI naprawd\u0119 ma\u0142o jest ludzi,<br \/>\nKt\u00f3rym pomoc si\u0119 nie \u2013 nie nudzi.<\/li>\n<\/ol>\n<p><strong><u>Ref. <\/u><\/strong>B\u0105d\u017amy jak on,<\/p>\n<p>P\u00f3jd\u017amy do ko\u015bcio\u0142a, gdy wybije dzwon,<\/p>\n<p>Pomoc ludziom dajmy,<\/p>\n<p>I w dobroci trwajmy,<\/p>\n<p>Pami\u0119tajmy o Karolu Wojtyle,<\/p>\n<p>Bo zrobi\u0142 dla nas tyle.<\/p>\n<ol start=\"2\">\n<li>Jego miasto \u2013 Wadowice,<br \/>\nWychowywali go rodzice,<br \/>\nNiestety kiedy mia\u0142 dziewi\u0119\u0107 lat,<br \/>\nZmar\u0142a mu matka, a potem brat.<\/li>\n<\/ol>\n<p><strong><u>Ref.<\/u><\/strong> B\u0105d\u017amy jak on,<\/p>\n<p>P\u00f3jd\u017amy do ko\u015bcio\u0142a, gdy wybije dzwon,<\/p>\n<p>Pomoc ludziom dajmy,<\/p>\n<p>I w dobroci trwajmy,<\/p>\n<p>Pami\u0119tajmy o Karolu Wojtyle,<\/p>\n<p>Bo zrobi\u0142 dla nas tyle.<\/p>\n<ol start=\"3\">\n<li>Chcia\u0142 zosta\u0107 s\u0142ynnym aktorem,<br \/>\nAle zacz\u0119\u0142a si\u0119 wojna,<br \/>\nAle po wojnie \u2013 kwestia sporna,<br \/>\nB\u00f3g chcia\u0142, by by\u0142 duchowym wzorem.<\/li>\n<\/ol>\n<p><strong><u>Ref.<\/u><\/strong> B\u0105d\u017amy jak on,<\/p>\n<p>P\u00f3jd\u017amy do ko\u015bcio\u0142a, gdy wybije dzwon,<\/p>\n<p>Pomoc ludziom dajmy,<\/p>\n<p>I w dobroci trwajmy,<\/p>\n<p>Pami\u0119tajmy o Karolu Wojtyle,<\/p>\n<p>Bo zrobi\u0142 dla nas tyle.<\/p>\n<p>\/s\u0142owa i muzyka: Paulina Krzysteczko, uczennica \u00f3wczesnej klasy VI b w roku szkolnym 2019\/2020\/<\/p>\n","protected":false},"excerpt":{"rendered":"<p>Hymn powsta\u0142 z okazji setnych urodzin papie\u017ca Jana Paw\u0142a II \u2013 patrona naszej szko\u0142y, kt\u00f3ry kocha\u0142 ka\u017cdego bez wyj\u0105tku. Chcia\u0142abym, aby wszyscy ludzie na \u015bwiecie brali z niego przyk\u0142ad. \/Tekst: Paulina Krzysteczko, absolwentka naszej szko\u0142y\/ Czasem dziwny jest ten \u015bwiat, Nie zawsze z bratem idzie brat, I naprawd\u0119 ma\u0142o jest [&hellip;]<\/p>\n","protected":false},"author":6,"featured_media":0,"parent":0,"menu_order":0,"comment_status":"closed","ping_status":"closed","template":"","meta":{"ngg_post_thumbnail":0,"footnotes":""},"class_list":["post-6619","page","type-page","status-publish","hentry"],"_links":{"self":[{"href":"http:\/\/sp6.mikolow.eu\/index.php\/wp-json\/wp\/v2\/pages\/6619","targetHints":{"allow":["GET"]}}],"collection":[{"href":"http:\/\/sp6.mikolow.eu\/index.php\/wp-json\/wp\/v2\/pages"}],"about":[{"href":"http:\/\/sp6.mikolow.eu\/index.php\/wp-json\/wp\/v2\/types\/page"}],"author":[{"embeddable":true,"href":"http:\/\/sp6.mikolow.eu\/index.php\/wp-json\/wp\/v2\/users\/6"}],"replies":[{"embeddable":true,"href":"http:\/\/sp6.mikolow.eu\/index.php\/wp-json\/wp\/v2\/comments?post=6619"}],"version-history":[{"count":3,"href":"http:\/\/sp6.mikolow.eu\/index.php\/wp-json\/wp\/v2\/pages\/6619\/revisions"}],"predecessor-version":[{"id":6640,"href":"http:\/\/sp6.mikolow.eu\/index.php\/wp-json\/wp\/v2\/pages\/6619\/revisions\/6640"}],"wp:attachment":[{"href":"http:\/\/sp6.mikolow.eu\/index.php\/wp-json\/wp\/v2\/media?parent=6619"}],"curies":[{"name":"wp","href":"https:\/\/api.w.org\/{rel}","templated":true}]}}