{"id":6631,"date":"2024-06-12T09:27:32","date_gmt":"2024-06-12T09:27:32","guid":{"rendered":"https:\/\/sp6.mikolow.eu\/?page_id=6631"},"modified":"2024-06-12T15:06:48","modified_gmt":"2024-06-12T15:06:48","slug":"rodzina-szkol-im-jana-pawla-ii-w-archidiecezji-katowickiej","status":"publish","type":"page","link":"http:\/\/sp6.mikolow.eu\/index.php\/rodzina-szkol-im-jana-pawla-ii-w-archidiecezji-katowickiej\/","title":{"rendered":"Rodzina Szk\u00f3\u0142 im. Jana Paw\u0142a II w archidiecezji katowickiej"},"content":{"rendered":"<p>Zapraszamy na oficjaln\u0105 stron\u0119 Rodzina Szk\u00f3\u0142 im. Jana Paw\u0142a II w archidiecezji katowickiej. <a href=\"https:\/\/rodzinajp2.weebly.com\/\">PRZEJD\u0179<\/a><\/p>\n<p>Zapraszamy na oficjaln\u0105 stron\u0119 Rodzina Szk\u00f3\u0142 im. Jana Paw\u0142a II w ca\u0142ej Polsce. <a href=\"https:\/\/rodzina.org.pl\/\">PRZEJD\u0179<\/a><\/p>\n","protected":false},"excerpt":{"rendered":"<p>Zapraszamy na oficjaln\u0105 stron\u0119 Rodzina Szk\u00f3\u0142 im. Jana Paw\u0142a II w archidiecezji katowickiej. PRZEJD\u0179 Zapraszamy na oficjaln\u0105 stron\u0119 Rodzina Szk\u00f3\u0142 im. Jana Paw\u0142a II w ca\u0142ej Polsce. PRZEJD\u0179<\/p>\n","protected":false},"author":6,"featured_media":0,"parent":0,"menu_order":0,"comment_status":"closed","ping_status":"closed","template":"","meta":{"ngg_post_thumbnail":0,"footnotes":""},"class_list":["post-6631","page","type-page","status-publish","hentry"],"_links":{"self":[{"href":"http:\/\/sp6.mikolow.eu\/index.php\/wp-json\/wp\/v2\/pages\/6631","targetHints":{"allow":["GET"]}}],"collection":[{"href":"http:\/\/sp6.mikolow.eu\/index.php\/wp-json\/wp\/v2\/pages"}],"about":[{"href":"http:\/\/sp6.mikolow.eu\/index.php\/wp-json\/wp\/v2\/types\/page"}],"author":[{"embeddable":true,"href":"http:\/\/sp6.mikolow.eu\/index.php\/wp-json\/wp\/v2\/users\/6"}],"replies":[{"embeddable":true,"href":"http:\/\/sp6.mikolow.eu\/index.php\/wp-json\/wp\/v2\/comments?post=6631"}],"version-history":[{"count":3,"href":"http:\/\/sp6.mikolow.eu\/index.php\/wp-json\/wp\/v2\/pages\/6631\/revisions"}],"predecessor-version":[{"id":6638,"href":"http:\/\/sp6.mikolow.eu\/index.php\/wp-json\/wp\/v2\/pages\/6631\/revisions\/6638"}],"wp:attachment":[{"href":"http:\/\/sp6.mikolow.eu\/index.php\/wp-json\/wp\/v2\/media?parent=6631"}],"curies":[{"name":"wp","href":"https:\/\/api.w.org\/{rel}","templated":true}]}}