{"id":8233,"date":"2026-02-08T21:01:12","date_gmt":"2026-02-08T21:01:12","guid":{"rendered":"https:\/\/sp6.mikolow.eu\/?page_id=8233"},"modified":"2026-02-08T21:01:12","modified_gmt":"2026-02-08T21:01:12","slug":"certyfikaty","status":"publish","type":"page","link":"http:\/\/sp6.mikolow.eu\/index.php\/certyfikaty\/","title":{"rendered":"Certyfikaty"},"content":{"rendered":"<p>Certyfikaty i znaki jako\u015bci, przyznane naszej szkole:<\/p>\n<ul style=\"list-style-type: square;\">\n<li><a href=\"http:\/\/sp6.mikolow.eu\/wp-content\/uploads\/2026\/02\/Certyfikat-Bezpieczna-szkola.pdf\">Bezpieczna szko\u0142a<\/a>&nbsp;&#8211; <strong>2025<\/strong> <span style=\"color: #808080;\">(Fundacja Wspierania Jako\u015bci i Innowacji)<\/span><\/li>\n<li><a href=\"http:\/\/sp6.mikolow.eu\/wp-content\/uploads\/2026\/02\/Certyfikat-Szkola-z-wojskiem.pdf\">Szko\u0142a z wojskiem<\/a> &#8211; <strong>2026<\/strong> <span style=\"color: #808080;\">(Ministerstwo Obrony Narodowej, Ministerstwo Edukacji Narodowej)<\/span><\/li>\n<\/ul>\n<p>&nbsp;<\/p>\n","protected":false},"excerpt":{"rendered":"<p>Certyfikaty i znaki jako\u015bci, przyznane naszej szkole: Bezpieczna szko\u0142a&nbsp;&#8211; 2025 (Fundacja Wspierania Jako\u015bci i Innowacji) Szko\u0142a z wojskiem &#8211; 2026 (Ministerstwo Obrony Narodowej, Ministerstwo Edukacji Narodowej) &nbsp;<\/p>\n","protected":false},"author":7,"featured_media":0,"parent":0,"menu_order":0,"comment_status":"closed","ping_status":"closed","template":"","meta":{"ngg_post_thumbnail":0,"footnotes":""},"class_list":["post-8233","page","type-page","status-publish","hentry"],"_links":{"self":[{"href":"http:\/\/sp6.mikolow.eu\/index.php\/wp-json\/wp\/v2\/pages\/8233","targetHints":{"allow":["GET"]}}],"collection":[{"href":"http:\/\/sp6.mikolow.eu\/index.php\/wp-json\/wp\/v2\/pages"}],"about":[{"href":"http:\/\/sp6.mikolow.eu\/index.php\/wp-json\/wp\/v2\/types\/page"}],"author":[{"embeddable":true,"href":"http:\/\/sp6.mikolow.eu\/index.php\/wp-json\/wp\/v2\/users\/7"}],"replies":[{"embeddable":true,"href":"http:\/\/sp6.mikolow.eu\/index.php\/wp-json\/wp\/v2\/comments?post=8233"}],"version-history":[{"count":2,"href":"http:\/\/sp6.mikolow.eu\/index.php\/wp-json\/wp\/v2\/pages\/8233\/revisions"}],"predecessor-version":[{"id":8235,"href":"http:\/\/sp6.mikolow.eu\/index.php\/wp-json\/wp\/v2\/pages\/8233\/revisions\/8235"}],"wp:attachment":[{"href":"http:\/\/sp6.mikolow.eu\/index.php\/wp-json\/wp\/v2\/media?parent=8233"}],"curies":[{"name":"wp","href":"https:\/\/api.w.org\/{rel}","templated":true}]}}