{"id":3544,"date":"2022-07-05T06:05:37","date_gmt":"2022-07-05T06:05:37","guid":{"rendered":"https:\/\/fievutysjg.cfolks.pl\/sp6mikolow\/?page_id=3544"},"modified":"2026-01-29T20:43:16","modified_gmt":"2026-01-29T20:43:16","slug":"o-szkole","status":"publish","type":"page","link":"https:\/\/sp6.mikolow.eu\/index.php\/o-szkole\/","title":{"rendered":"Kadra"},"content":{"rendered":"<p><a href=\"http:\/\/sp6.mikolow.eu\/wp-content\/uploads\/2024\/09\/Nauczyciele-SP6-2024-25-napis-scaled.jpg\"><img fetchpriority=\"high\" decoding=\"async\" src=\"http:\/\/sp6.mikolow.eu\/wp-content\/uploads\/2024\/09\/Nauczyciele-SP6-2024-25-napis-1024x621.jpg\" alt=\"\" width=\"1024\" height=\"621\"><\/a><\/p>\n<p><span style=\"font-size: 12pt;\"><strong>Dyrekcja:<\/strong> <\/span><\/p>\n<ul>\n<li><span style=\"font-size: 12pt;\"><span style=\"color: #008000;\">Dyrektor:<\/span> mgr in\u017c. Karolina \u015anieg<\/span><\/li>\n<li><span style=\"color: #008000;\">Wicedyrektor:<\/span> mgr Maria Bo\u0144czyk &#8211; przedszkole&nbsp;<\/li>\n<li><span style=\"color: #008000;\">Spo\u0142eczny wicedyrektor:<\/span> mgr in\u017c. Magdalena Goliasz-Celder<\/li>\n<li><span style=\"color: #008000;\">Kierownik \u015bwietlicy:<\/span> <span style=\"font-size: 12pt;\">mgr Katarzyna Ambro\u017cy<\/span><\/li>\n<\/ul>\n<p><strong>Edukacja wczesnoszkolna:<\/strong><\/p>\n<ul>\n<li>mgr Jadwiga Borowska<\/li>\n<li>mgr Agnieszka Drzyma\u0142a<\/li>\n<li>mgr Iwona Kirsz-K\u0105sek<\/li>\n<li>mgr Anna Roj<\/li>\n<li>mgr Danuta Szala<\/li>\n<li>mgr in\u017c. Dorota Weso\u0142owska<\/li>\n<\/ul>\n<p><strong>Przedmioty humanistyczne:<\/strong><\/p>\n<ul>\n<li>mgr Zdzis\u0142awa Greinert (j\u0119zyk polski)<\/li>\n<li>mgr Magdalena Marmol (j\u0119zyk polski)<\/li>\n<li>mgr Tomasz Olaszewski (j\u0119zyk polski)<\/li>\n<li>mgr Katarzyna Jankowiak (j\u0119zyk polski)<\/li>\n<li>mgr Tadeusz Ciwis (religia)<\/li>\n<li>ks. Krzysztof P\u0142onka (religia)<\/li>\n<li>dr Przemys\u0142aw Noparlik (historia, WOS)<\/li>\n<\/ul>\n<p><strong>Przedmioty \u015bcis\u0142e:<\/strong><\/p>\n<ul>\n<li>mgr in\u017c. Magdalena Goliasz-Celder (matematyka, ZRK)<\/li>\n<li>mgr Piotr Knapek (geografia, fizyka, technika)<\/li>\n<li>mgr Magdalena Matysek&nbsp;(matematyka, informatyka)<\/li>\n<li>mgr Ewa Michalczyk (biologia, przyroda)<\/li>\n<li>mgr in\u017c. Karolina \u015anieg (chemia, geografia)<\/li>\n<li>mgr Agnieszka Prokop &#8211; Brzozowska (informatyka)<\/li>\n<li>mgr Roger Kudala (matematyka)<\/li>\n<\/ul>\n<p><strong>J\u0119zyki:<\/strong><\/p>\n<ul>\n<li>mgr Monika Sikora (j\u0119zyk angielski)<\/li>\n<li>mgr \u017baneta Janik (j\u0119zyk hiszpa\u0144ski, j\u0119zyk angielski, ZRK)<\/li>\n<li>mgr Renata Mieszczanin (j\u0119zyk angielski)<\/li>\n<li>mgr Magdalena S\u0142upik (j\u0119zyk mniejszo\u015bci niemieckiej)<\/li>\n<\/ul>\n<p><strong>Przedmioty artystyczne i zaj\u0119cia sportowe:<\/strong><\/p>\n<ul>\n<li>mgr Krzysztof Tuszy (wychowanie fizyczne, plastyka)<\/li>\n<li>mgr Tomasz Grzesik (wychowanie fizyczne)<\/li>\n<li>mgr Aneta Grymel (technika, ZRK)<\/li>\n<li>mgr Ewa Kopacz (muzyka)<\/li>\n<li>mgr Ewa Michalczyk (wychowanie fizyczne, edukacja dla bezpiecze\u0144stwa)<\/li>\n<\/ul>\n<p><strong>Pedagodzy:<\/strong><\/p>\n<ul>\n<li>mgr Barbara Kuropatwa (pedagog szkolny)<\/li>\n<li>mgr Blandyna Ko\u0142odziej (psycholog)<\/li>\n<li>mgr Renata Mieszczanin (doradztwo zawodowe)<\/li>\n<li>mgr Urszula Wr\u00f3bel (logopeda)<\/li>\n<li>mgr Gra\u017cyna Ma\u0142yska (edukacja zdrowotna)<\/li>\n<\/ul>\n<p><strong>Nauczyciele wsp\u00f3\u0142organizuj\u0105cy proces kszta\u0142cenia:<\/strong><\/p>\n<ul>\n<li>mgr Marta Bogdanowicz<\/li>\n<li>mgr Partycja Brol-\u017bywot&nbsp;<\/li>\n<li>mgr Katarzyna Jankowiak<\/li>\n<li>lic. Justyna Marszolik<\/li>\n<li>mgr Anna Pawlak<\/li>\n<li>mgr Anna Ryrych<\/li>\n<li>mgr Krystian Skubij<\/li>\n<li>mgr Justyna Wycis\u0142o<\/li>\n<\/ul>\n<p><strong>Biblioteka szkolna:<\/strong><\/p>\n<ul>\n<li>mgr Jolanta Walus&nbsp;<\/li>\n<\/ul>\n<p><strong>\u015awietlica:<\/strong><\/p>\n<ul>\n<li>mgr Katarzyna Ambro\u017cy (kierownik)<\/li>\n<li>mgr Aleksandra Michalik<\/li>\n<li>mgr Anna S\u0142owi\u0144ska &#8211; \u017bur<\/li>\n<\/ul>\n","protected":false},"excerpt":{"rendered":"<p>Dyrekcja: Dyrektor: mgr in\u017c. Karolina \u015anieg Wicedyrektor: mgr Maria Bo\u0144czyk &#8211; przedszkole&nbsp; Spo\u0142eczny wicedyrektor: mgr in\u017c. Magdalena Goliasz-Celder Kierownik \u015bwietlicy: mgr Katarzyna Ambro\u017cy Edukacja wczesnoszkolna: mgr Jadwiga Borowska mgr Agnieszka Drzyma\u0142a mgr Iwona Kirsz-K\u0105sek mgr Anna Roj mgr Danuta Szala mgr in\u017c. Dorota Weso\u0142owska Przedmioty humanistyczne: mgr Zdzis\u0142awa Greinert (j\u0119zyk [&hellip;]<\/p>\n","protected":false},"author":1,"featured_media":0,"parent":0,"menu_order":0,"comment_status":"closed","ping_status":"closed","template":"","meta":{"ngg_post_thumbnail":0,"footnotes":""},"class_list":["post-3544","page","type-page","status-publish","hentry"],"_links":{"self":[{"href":"https:\/\/sp6.mikolow.eu\/index.php\/wp-json\/wp\/v2\/pages\/3544","targetHints":{"allow":["GET"]}}],"collection":[{"href":"https:\/\/sp6.mikolow.eu\/index.php\/wp-json\/wp\/v2\/pages"}],"about":[{"href":"https:\/\/sp6.mikolow.eu\/index.php\/wp-json\/wp\/v2\/types\/page"}],"author":[{"embeddable":true,"href":"https:\/\/sp6.mikolow.eu\/index.php\/wp-json\/wp\/v2\/users\/1"}],"replies":[{"embeddable":true,"href":"https:\/\/sp6.mikolow.eu\/index.php\/wp-json\/wp\/v2\/comments?post=3544"}],"version-history":[{"count":9,"href":"https:\/\/sp6.mikolow.eu\/index.php\/wp-json\/wp\/v2\/pages\/3544\/revisions"}],"predecessor-version":[{"id":8228,"href":"https:\/\/sp6.mikolow.eu\/index.php\/wp-json\/wp\/v2\/pages\/3544\/revisions\/8228"}],"wp:attachment":[{"href":"https:\/\/sp6.mikolow.eu\/index.php\/wp-json\/wp\/v2\/media?parent=3544"}],"curies":[{"name":"wp","href":"https:\/\/api.w.org\/{rel}","templated":true}]}}