{"id":3653,"date":"2022-08-02T07:25:56","date_gmt":"2022-08-02T07:25:56","guid":{"rendered":"https:\/\/fievutysjg.cfolks.pl\/sp6mikolow\/?page_id=3653"},"modified":"2025-12-15T20:08:56","modified_gmt":"2025-12-15T20:08:56","slug":"dla-rodzicow","status":"publish","type":"page","link":"https:\/\/sp6.mikolow.eu\/index.php\/dla-rodzicow\/","title":{"rendered":"Sukcesy"},"content":{"rendered":"<p style=\"padding-left: 40px; text-align: left;\"><strong><span style=\"font-size: 18pt; color: #008000;\">Konkursy<\/span><\/strong><\/p>\n<ul style=\"list-style-type: square;\">\n<li><strong>2025 <\/strong>&#8211; uczniowie <span style=\"color: #ff0000;\">Oliwier Hajda, Dawid Koch, Adam Stru\u017cy\u0144ski i Jakub Wawrzinek<\/span> zdobyli I miejsce w Og\u00f3lnopolskim Konkursie na Projekt Historyczny pt. &#8222;P\u00f3ki nie jest za p\u00f3\u017ano&#8221;<\/li>\n<li><strong>2025<\/strong> &#8211; uczennica <span style=\"color: #ff0000;\">Dominika Muras&nbsp;<span style=\"color: #333333;\">zosta\u0142a&nbsp;<span style=\"color: #000000;\">Laureatem Konkursu Kuratoryjnego z j\u0119zyka hiszpa\u0144skiego<\/span><\/span><\/span><\/li>\n<li><strong>2025&nbsp;<\/strong>&#8211; uczennice&nbsp;<span style=\"color: #ff0000;\">Weronika G\u0142uszek&nbsp;<span style=\"color: #000000;\">i&nbsp;<span style=\"color: #ff0000;\">Natalia Wilk&nbsp;<span style=\"color: #000000;\">zdoby\u0142y II miejsce w Interdyscyplinarnym Konkursie M\u0142odych Odkrywc\u00f3w pod patronatem Prezydenta Miasta Sosnowca<\/span><\/span><\/span><\/span><\/li>\n<li><strong>2025 &#8211; <\/strong>uczennica&nbsp;<span style=\"color: #ff0000;\">Ma\u0142gorzata Dymna&nbsp;<span style=\"color: #333333;\">zdoby\u0142a I miejsce w Powiatowym Konkursie z j\u0119zyka hiszpa\u0144skiego<\/span><\/span><\/li>\n<li><strong>2025 &#8211;&nbsp;<\/strong>konkurs Mi\u0119dzynarodowy Kangur Matematyczny uczniowie:&nbsp;<span style=\"color: #ff0000;\">Wojciech Ochocki, Karol Peszko i Wiktor Wandzik&nbsp;<span style=\"color: #333333;\">zdobyli wyr\u00f3\u017cnienie<\/span><\/span><\/li>\n<li><strong>2025&nbsp;<\/strong>&#8211; konkurs og\u00f3lnopolski Matematyczno &#8211; Informatyczny InstaLogik: ucze\u0144 <span style=\"color: #ff0000;\">Wiktor Wandzik <span style=\"color: #000000;\">laureat II miejsca na szczeblu og\u00f3lnopolskim I miejsce w powiecie miko\u0142owskim oraz ucze\u0144 <\/span><\/span><span style=\"color: #ff0000;\">Jakub Lenarcik&nbsp;<span style=\"color: #000000;\">finalista na szczeblu og\u00f3lnopolskim&nbsp;<\/span><\/span><\/li>\n<li><strong>2024<\/strong> &#8211; Konkurs Medialno-Historyczny pt. &#8222;By\u0107 jak Ulmowie &#8211; Pokolenie Z opowiada histori\u0119&#8221;:\n<ul style=\"list-style-type: circle;\">\n<li>I miejsce przyznane przez jury &#8211; <span style=\"color: #ff0000;\">Dawid Koch, Oliwier Hajda<\/span><\/li>\n<li>III miejsce przyznane przez jury &#8211; <span style=\"color: #ff0000;\">Adam Stru\u017cy\u0144ski, Jakub Wawrzinek<\/span><\/li>\n<li>II miejsce przyznane przez publiczno\u015b\u0107 &#8211; <span style=\"color: #ff0000;\">Dawid Koch, Oliwier Hajda<\/span><\/li>\n<\/ul>\n<\/li>\n<\/ul>\n<ul style=\"list-style-type: square;\">\n<li><strong>2024<\/strong> &#8211; uczennica <span style=\"color: #ff0000;\">Maria G\u0142uszek<\/span> oraz ucze\u0144 <span style=\"color: #ff0000;\">Wiktor Wandzik<\/span> uzyskali wyr\u00f3\u017cnienie w Mi\u0119dzynarodowym Konkursie &#8222;KANGUR MATEMATYCZNY&#8221;<\/li>\n<li><strong>2024<\/strong> &#8211; uczniowie&nbsp;<span style=\"color: #ff0000;\">Jakub Lenarcik, Eryk Szczudlak oraz Wiktor Wandzik&nbsp;<span style=\"color: #000000;\">uzyskali tytu\u0142 laureata 3 miejsca w konkursie matematyczno-informatycznym &#8222;INSTALOGIK&#8221;<\/span><\/span><\/li>\n<li><strong>2023<\/strong> &#8211; ucze\u0144 <span style=\"color: #ff0000;\">Gabriel Mijacz<\/span> uzyska\u0142 bardzo dobry wynik oraz uczniowie <span style=\"color: #ff0000;\">Wiktor Wandzik, Eryk Szczudlak i Artur Krzysteczko<\/span> uzyskali wyr\u00f3\u017cnienie w Mi\u0119dzynarodowym Konkursie &#8222;KANGUR MATEMATYCZNY&#8221;.<\/li>\n<li><strong>2023<\/strong> &#8211;&nbsp; siedmiu uczni\u00f3w otrzyma\u0142o dyplom z wyr\u00f3\u017cnieniem w Konkursie z J\u0119zyka Angielskiego pt. \u201eFORGET-ME-NOT\u201d, plasuj\u0105c si\u0119 z wynikiem w przedziale 86-99% punkt\u00f3w.<\/li>\n<li><strong>2021<\/strong>&nbsp;&#8211; ucze\u0144 <span style=\"color: #ff0000;\">Wiktor Wandzik<\/span> uzyska\u0142 bardzo dobry wynik w Mi\u0119dzynarodowym Konkursie &#8222;KANGUR MATEMATYCZNY&#8221;<\/li>\n<li><strong>2020<\/strong> &#8211; ucze\u0144 <span style=\"color: #ff0000;\">Franek Strzeja<\/span> zaj\u0105\u0142 III miejsce w IV powiatowym konkursie \u015bwi\u0105tecznym z j\u0119zyka niemieckiego \u201eWeihnachtenkommtbald\u201d.<\/li>\n<li><strong>2020<\/strong> &#8211; I miejsce w Powiatowym Konkursie Czytelniczym dotycz\u0105cym powie\u015bci C.S. Lewisa: &#8222;Opowie\u015bci z Narnii. Lew, Czarownica i stara szafa&#8221;.<\/li>\n<li><strong>2017<\/strong> &#8211; I miejsce <span style=\"color: #ff0000;\">Elizy Skalik<\/span> w Powiatowym Konkursie z J\u0119zyka Angielskiego.<\/li>\n<li><strong>2017<\/strong> &#8211; I miejsce <span style=\"color: #ff0000;\">Emilii Kozio\u0142ek<\/span> w Ma\u0142ym Og\u00f3lnopolskim Konkursie Recytatorskim (etap powiatowy).<\/li>\n<li><strong>2017<\/strong> &#8211; III miejsce w Og\u00f3lnopolskim Konkursie na Projekt Historyczny pt. &#8222;P\u00f3ki nie jest za p\u00f3\u017ano&#8221; uczni\u00f3w klasy 3G (<span style=\"color: #ff0000;\">\u0141ukasz Macha, Karol Nieroba, Pawe\u0142 Szczygio\u0142, Bartosz Lichtara<\/span>) za projekt pt. &#8222;Stycze\u0144 1945 roku w Borowej Wsi&#8221;.<\/li>\n<\/ul>\n<p><strong><span style=\"font-size: 18pt; color: #008000;\">Zawody sportowe<\/span><\/strong><\/p>\n<ul style=\"list-style-type: square;\">\n<li><strong>2025 <\/strong>&#8211; <a href=\"http:\/\/sp6.mikolow.eu\/wp-content\/uploads\/2025\/06\/3.pdf\">I miejsce w czw\u00f3rboju lekkoatletycznym<\/a> &#8211; fina\u0142 powiatowy &#8211; ch\u0142opcy<\/li>\n<li><strong>2025 <\/strong>&#8211; <a href=\"http:\/\/sp6.mikolow.eu\/wp-content\/uploads\/2025\/06\/2.pdf\">II miejsce w czw\u00f3rboju lekkoatletycznym<\/a> &#8211; fina\u0142 rejonowy &#8211; ch\u0142opcy<\/li>\n<li><strong>2025 <\/strong>&#8211; <a href=\"http:\/\/sp6.mikolow.eu\/wp-content\/uploads\/2025\/12\/dyplom-1-scaled.jpg\">III miejsce w koszyk\u00f3wce<\/a> &#8211; zawody miejskie &#8211; ch\u0142opcy<\/li>\n<li><strong>2025<\/strong> &#8211; <a href=\"http:\/\/sp6.mikolow.eu\/wp-content\/uploads\/2025\/06\/1.pdf\">III miejsce w siatk\u00f3wce<\/a> &#8211; p\u00f3\u0142fina\u0142 etapu wojew\u00f3dzkiego &#8211; ch\u0142opcy<\/li>\n<li><strong>2025<\/strong> &#8211; <a href=\"http:\/\/sp6.mikolow.eu\/wp-content\/uploads\/2025\/03\/Dyplomy_000-scaled.jpg\">I miejsce w siatk\u00f3wce<\/a> &#8211; etap rejonowy &#8211; czw\u00f3rki ch\u0142opcy<\/li>\n<li><strong>2025<\/strong> &#8211; <a href=\"http:\/\/sp6.mikolow.eu\/wp-content\/uploads\/2025\/03\/Dyplomy_001-scaled.jpg\">V miejsce w siatk\u00f3wce<\/a> &#8211; etap rejonowy &#8211; czw\u00f3rki dziewczyny<\/li>\n<\/ul>\n<p><span style=\"font-size: 18pt; color: #008000;\"><strong>Ksi\u0105\u017cka<\/strong><\/span><\/p>\n<p>Ksi\u0105\u017cka napisana przez nauczyciela historii z udzia\u0142em uczni\u00f3w naszej szko\u0142y:&nbsp;<\/p>\n<ul style=\"list-style-type: square;\">\n<li><strong>2009<\/strong> &#8211; &#8222;<a href=\"https:\/\/www.sbc.org.pl\/dlibra\/publication\/63412\/edition\/59631\/content\">Historia szko\u0142y w Miko\u0142owie \u2013 Borowej Wsi na tle dziej\u00f3w miejscowo\u015bci&#8221;<\/a><\/li>\n<\/ul>\n<p><span style=\"font-size: 18pt; color: #008000;\"><strong>Filmy<\/strong><\/span><\/p>\n<p>Filmy przygotowane przez uczni\u00f3w naszej szko\u0142y pod opiek\u0105 nauczyciela historii:<\/p>\n<ul style=\"list-style-type: square;\">\n<li><strong>2025<\/strong> &#8211; <a href=\"https:\/\/youtu.be\/P5Rarw_XmDA\">&#8222;Sprawiedliwi z Borowej Wsi&#8221;<\/a><\/li>\n<li><strong>2024<\/strong> &#8211; <a href=\"https:\/\/youtu.be\/WPwnHlm9LE4\">&#8222;Czas pr\u00f3by. Grudzie\u0144 1981 roku w Halembie&#8221;<\/a><\/li>\n<li><strong>2023<\/strong> &#8211; <a href=\"https:\/\/youtu.be\/7BLbEDVh0yc\">&#8222;Borowa Wie\u015b. Jest takie miejsce&#8221;<\/a><\/li>\n<li><strong>2016<\/strong> &#8211; <a href=\"https:\/\/youtu.be\/N6MQ2cvP67k\">&#8222;Stycze\u0144 1945 roku w Borowej Wsi&#8221;<\/a><\/li>\n<\/ul>\n<p><iframe title=\"SPRAWIEDLIWI z Borowej Wsi\" src=\"https:\/\/www.youtube.com\/embed\/P5Rarw_XmDA\" width=\"853\" height=\"480\" frameborder=\"0\" allowfullscreen=\"allowfullscreen\"><\/iframe><br \/>\n&nbsp;<iframe title=\"CZAS PR\u00d3BY. Grudzie\u0144 1981 r. w Halembie\" src=\"https:\/\/www.youtube.com\/embed\/WPwnHlm9LE4\" width=\"853\" height=\"480\" frameborder=\"0\" allowfullscreen=\"allowfullscreen\"><\/iframe><\/p>\n<p><iframe title=\"Borowa Wie\u015b. Jest takie miejsce [CA\u0141Y FILM]\" src=\"https:\/\/www.youtube.com\/embed\/7BLbEDVh0yc\" width=\"853\" height=\"480\" frameborder=\"0\" allowfullscreen=\"allowfullscreen\"><span data-mce-type=\"bookmark\" style=\"display: inline-block; width: 0px; overflow: hidden; line-height: 0;\" class=\"mce_SELRES_start\">\ufeff<\/span><\/iframe><\/p>\n<p><iframe title=\"Stycze\u0144 1945 roku w Borowej Wsi\" src=\"https:\/\/www.youtube.com\/embed\/N6MQ2cvP67k\" width=\"853\" height=\"480\" frameborder=\"0\" allowfullscreen=\"allowfullscreen\"><\/iframe><\/p>\n<p><span style=\"font-size: 18pt; color: #008000;\"><strong>Teatr &#8222;Nibylandia&#8221;<\/strong><\/span><\/p>\n<p>Zesp\u00f3\u0142 teatralny pod kierunkiem p. Ewy Skowiery, z\u0142o\u017cony z uczni\u00f3w naszej szko\u0142y, od lat odnosi liczne sukcesy.<\/p>\n<p><iframe title=\"10 lat Teatru &quot;Nibylandia&quot; - filmowy skr\u00f3t\" src=\"https:\/\/www.youtube.com\/embed\/vqBYWZ5qs9o\" width=\"853\" height=\"480\" frameborder=\"0\" allowfullscreen=\"allowfullscreen\" data-mce-fragment=\"1\"><\/iframe>&nbsp;<\/p>\n","protected":false},"excerpt":{"rendered":"<p>Konkursy 2025 &#8211; uczniowie Oliwier Hajda, Dawid Koch, Adam Stru\u017cy\u0144ski i Jakub Wawrzinek zdobyli I miejsce w Og\u00f3lnopolskim Konkursie na Projekt Historyczny pt. &#8222;P\u00f3ki nie jest za p\u00f3\u017ano&#8221; 2025 &#8211; uczennica Dominika Muras&nbsp;zosta\u0142a&nbsp;Laureatem Konkursu Kuratoryjnego z j\u0119zyka hiszpa\u0144skiego 2025&nbsp;&#8211; uczennice&nbsp;Weronika G\u0142uszek&nbsp;i&nbsp;Natalia Wilk&nbsp;zdoby\u0142y II miejsce w Interdyscyplinarnym Konkursie M\u0142odych Odkrywc\u00f3w pod [&hellip;]<\/p>\n","protected":false},"author":1,"featured_media":0,"parent":0,"menu_order":0,"comment_status":"closed","ping_status":"closed","template":"","meta":{"ngg_post_thumbnail":0,"footnotes":""},"class_list":["post-3653","page","type-page","status-publish","hentry"],"_links":{"self":[{"href":"https:\/\/sp6.mikolow.eu\/index.php\/wp-json\/wp\/v2\/pages\/3653","targetHints":{"allow":["GET"]}}],"collection":[{"href":"https:\/\/sp6.mikolow.eu\/index.php\/wp-json\/wp\/v2\/pages"}],"about":[{"href":"https:\/\/sp6.mikolow.eu\/index.php\/wp-json\/wp\/v2\/types\/page"}],"author":[{"embeddable":true,"href":"https:\/\/sp6.mikolow.eu\/index.php\/wp-json\/wp\/v2\/users\/1"}],"replies":[{"embeddable":true,"href":"https:\/\/sp6.mikolow.eu\/index.php\/wp-json\/wp\/v2\/comments?post=3653"}],"version-history":[{"count":26,"href":"https:\/\/sp6.mikolow.eu\/index.php\/wp-json\/wp\/v2\/pages\/3653\/revisions"}],"predecessor-version":[{"id":8119,"href":"https:\/\/sp6.mikolow.eu\/index.php\/wp-json\/wp\/v2\/pages\/3653\/revisions\/8119"}],"wp:attachment":[{"href":"https:\/\/sp6.mikolow.eu\/index.php\/wp-json\/wp\/v2\/media?parent=3653"}],"curies":[{"name":"wp","href":"https:\/\/api.w.org\/{rel}","templated":true}]}}