{"id":3846,"date":"2022-10-20T20:37:25","date_gmt":"2022-10-20T20:37:25","guid":{"rendered":"http:\/\/sp6.mikolow.eu\/?page_id=3846"},"modified":"2026-01-29T20:19:01","modified_gmt":"2026-01-29T20:19:01","slug":"samorzad-uczniowski-rok-szkolny-20232024","status":"publish","type":"page","link":"https:\/\/sp6.mikolow.eu\/index.php\/samorzad-uczniowski-rok-szkolny-20232024\/","title":{"rendered":"Samorz\u0105d Uczniowski"},"content":{"rendered":"<p><strong><a href=\"http:\/\/sp6.mikolow.eu\/wp-content\/uploads\/2026\/01\/RSU-2025-26-1.jpg\"><img fetchpriority=\"high\" decoding=\"async\" class=\"wp-image-8214 alignright\" src=\"http:\/\/sp6.mikolow.eu\/wp-content\/uploads\/2026\/01\/RSU-2025-26-1.jpg\" alt=\"\" width=\"421\" height=\"280\" srcset=\"https:\/\/sp6.mikolow.eu\/wp-content\/uploads\/2026\/01\/RSU-2025-26-1.jpg 954w, https:\/\/sp6.mikolow.eu\/wp-content\/uploads\/2026\/01\/RSU-2025-26-1-300x200.jpg 300w, https:\/\/sp6.mikolow.eu\/wp-content\/uploads\/2026\/01\/RSU-2025-26-1-768x512.jpg 768w\" sizes=\"(max-width: 421px) 100vw, 421px\" \/><\/a>Przewodnicz\u0105cy: <\/strong>Maksymilian D\u0142ugaj (8b)<\/p>\n<p><strong>Zast\u0119pca <\/strong>Martyna Gnida (8b)<\/p>\n<p><strong>Sekretarz:<\/strong> Kamil Szafarczyk (8b)<\/p>\n<p><strong>Opiekunowie:<\/strong><\/p>\n<ul style=\"list-style-type: square;\">\n<li>mgr Agnieszka Prokop-Brzowska<\/li>\n<li>lic. Justyna Marszolik&nbsp;<\/li>\n<\/ul>\n<p><strong>Regulamin samorz\u0105du:<\/strong> <a href=\"http:\/\/sp6.mikolow.eu\/wp-content\/uploads\/2024\/10\/Regulamin-SU.pdf\">PDF<\/a><\/p>\n<p><strong>Sprawozdanie &#8211; rok 2025\/26, semestr I:<\/strong><\/p>\n<ul style=\"list-style-type: square;\">\n<li>W roku szkolnym Samorz\u0105d Uczniowski aktywnie anga\u017cowa\u0142 si\u0119 w \u017cycie szko\u0142y, realizuj\u0105c liczne inicjatywy edukacyjne, integracyjne i charytatywne. Przeprowadzono wybory w ramach Bud\u017cetu Uczniowskiego, w wyniku kt\u00f3rych zwyci\u0119\u017cy\u0142 projekt \u201eBCP \u2013 Multi St\u00f3\u0142\u201d, wzbogacaj\u0105cy szkoln\u0105 baz\u0119 rekreacyjn\u0105. Z okazji Dnia Edukacji Narodowej uczniowie samodzielnie przygotowali kartki z \u017cyczeniami dla nauczycieli.<\/li>\n<li>Samorz\u0105d wsp\u00f3\u0142organizowa\u0142 wydarzenia integruj\u0105ce spo\u0142eczno\u015b\u0107 szkoln\u0105, m.in. Dzie\u0144 Pluszowego Misia, Dzie\u0144 \u017byczliwo\u015bci i Pozdrowie\u0144, Dzie\u0144 Kropki, Dzie\u0144 Dyni, Miko\u0142ajki oraz konkursy tematyczne i stoiska okoliczno\u015bciowe. Uczniowie brali r\u00f3wnie\u017c udzia\u0142 w akcjach spo\u0142ecznych i charytatywnych, takich jak kontynuacja zbi\u00f3rki \u201eMiedziaki\u201d oraz Kiermasz Bo\u017conarodzeniowy.<\/li>\n<li>Dzia\u0142ania Samorz\u0105du Uczniowskiego wyr\u00f3\u017cniaj\u0105 si\u0119 kreatywno\u015bci\u0105, samodzielno\u015bci\u0105 oraz skutecznym zaanga\u017cowaniem uczni\u00f3w, realizowanych pod opiek\u0105 nauczycieli, przyczyniaj\u0105c si\u0119 do integracji i rozwoju ca\u0142ej spo\u0142eczno\u015bci szkolnej.<\/li>\n<\/ul>\n<p><strong>Galeria zdj\u0119\u0107:<\/strong><\/p>\n<p><a href=\"http:\/\/sp6.mikolow.eu\/wp-content\/uploads\/2026\/01\/RSU-2025-26-3.jpg\"><img decoding=\"async\" class=\"alignleft wp-image-8216\" src=\"http:\/\/sp6.mikolow.eu\/wp-content\/uploads\/2026\/01\/RSU-2025-26-3-1024x683.jpg\" alt=\"\" width=\"336\" height=\"224\" srcset=\"https:\/\/sp6.mikolow.eu\/wp-content\/uploads\/2026\/01\/RSU-2025-26-3-1024x683.jpg 1024w, https:\/\/sp6.mikolow.eu\/wp-content\/uploads\/2026\/01\/RSU-2025-26-3-300x200.jpg 300w, https:\/\/sp6.mikolow.eu\/wp-content\/uploads\/2026\/01\/RSU-2025-26-3-768x512.jpg 768w, https:\/\/sp6.mikolow.eu\/wp-content\/uploads\/2026\/01\/RSU-2025-26-3.jpg 1114w\" sizes=\"(max-width: 336px) 100vw, 336px\" \/><\/a> <a href=\"http:\/\/sp6.mikolow.eu\/wp-content\/uploads\/2026\/01\/RSU-2025-26-2.jpg\"><img decoding=\"async\" class=\"alignleft wp-image-8215\" src=\"http:\/\/sp6.mikolow.eu\/wp-content\/uploads\/2026\/01\/RSU-2025-26-2-1024x683.jpg\" alt=\"\" width=\"342\" height=\"228\" srcset=\"https:\/\/sp6.mikolow.eu\/wp-content\/uploads\/2026\/01\/RSU-2025-26-2-1024x683.jpg 1024w, https:\/\/sp6.mikolow.eu\/wp-content\/uploads\/2026\/01\/RSU-2025-26-2-300x200.jpg 300w, https:\/\/sp6.mikolow.eu\/wp-content\/uploads\/2026\/01\/RSU-2025-26-2-768x512.jpg 768w, https:\/\/sp6.mikolow.eu\/wp-content\/uploads\/2026\/01\/RSU-2025-26-2.jpg 1163w\" sizes=\"(max-width: 342px) 100vw, 342px\" \/><\/a> <img loading=\"lazy\" decoding=\"async\" class=\"alignleft wp-image-8213\" src=\"http:\/\/sp6.mikolow.eu\/wp-content\/uploads\/2026\/01\/RSU-2025-26-4-1024x683.jpg\" alt=\"\" width=\"345\" height=\"230\" srcset=\"https:\/\/sp6.mikolow.eu\/wp-content\/uploads\/2026\/01\/RSU-2025-26-4-1024x683.jpg 1024w, https:\/\/sp6.mikolow.eu\/wp-content\/uploads\/2026\/01\/RSU-2025-26-4-300x200.jpg 300w, https:\/\/sp6.mikolow.eu\/wp-content\/uploads\/2026\/01\/RSU-2025-26-4-768x512.jpg 768w, https:\/\/sp6.mikolow.eu\/wp-content\/uploads\/2026\/01\/RSU-2025-26-4.jpg 1039w\" sizes=\"(max-width: 345px) 100vw, 345px\" \/><\/p>\n<p>&nbsp;<\/p>\n<p>&nbsp;<\/p>\n<p>&nbsp;<\/p>\n<p>&nbsp;<\/p>\n<p><a href=\"http:\/\/sp6.mikolow.eu\/wp-content\/uploads\/2026\/01\/RSU-2025-26-1.jpg\"><img loading=\"lazy\" decoding=\"async\" class=\"alignleft wp-image-8214\" src=\"http:\/\/sp6.mikolow.eu\/wp-content\/uploads\/2026\/01\/RSU-2025-26-1.jpg\" alt=\"\" width=\"341\" height=\"227\" srcset=\"https:\/\/sp6.mikolow.eu\/wp-content\/uploads\/2026\/01\/RSU-2025-26-1.jpg 954w, https:\/\/sp6.mikolow.eu\/wp-content\/uploads\/2026\/01\/RSU-2025-26-1-300x200.jpg 300w, https:\/\/sp6.mikolow.eu\/wp-content\/uploads\/2026\/01\/RSU-2025-26-1-768x512.jpg 768w\" sizes=\"(max-width: 341px) 100vw, 341px\" \/><\/a><\/p>\n<p>&nbsp;<\/p>\n<p>&nbsp;<\/p>\n<p>&nbsp;<\/p>\n<p>&nbsp;<\/p>\n<p>&nbsp;<\/p>\n<p>&nbsp;<\/p>\n<p>&nbsp;<\/p>\n<p>&nbsp;<\/p>\n<p><strong>Samorz\u0105dy z poprzednich lat:<\/strong><\/p>\n<ul style=\"list-style-type: square;\">\n<li><strong>2024\/2025:<\/strong> Natalia Toczyd\u0142owska 6a, Eliza Korzycka 8b, Szymon Sitek 7a<\/li>\n<li><strong>2023\/2024:<\/strong> Milena Jendryka 7a, Jakub Wawrzinek 7b, Wiktoria Hawe\u0142ka 7b<\/li>\n<li><strong>2022\/2023:<\/strong> Oliwia D\u0142ugaj 8a, Lena Herman 8a, Ma\u0142gorzata Baron 8b<\/li>\n<\/ul>\n","protected":false},"excerpt":{"rendered":"<p>Przewodnicz\u0105cy: Maksymilian D\u0142ugaj (8b) Zast\u0119pca Martyna Gnida (8b) Sekretarz: Kamil Szafarczyk (8b) Opiekunowie: mgr Agnieszka Prokop-Brzowska lic. Justyna Marszolik&nbsp; Regulamin samorz\u0105du: PDF Sprawozdanie &#8211; rok 2025\/26, semestr I: W roku szkolnym Samorz\u0105d Uczniowski aktywnie anga\u017cowa\u0142 si\u0119 w \u017cycie szko\u0142y, realizuj\u0105c liczne inicjatywy edukacyjne, integracyjne i charytatywne. Przeprowadzono wybory w ramach [&hellip;]<\/p>\n","protected":false},"author":1,"featured_media":6978,"parent":0,"menu_order":0,"comment_status":"closed","ping_status":"closed","template":"","meta":{"ngg_post_thumbnail":0,"footnotes":""},"class_list":["post-3846","page","type-page","status-publish","has-post-thumbnail","hentry"],"_links":{"self":[{"href":"https:\/\/sp6.mikolow.eu\/index.php\/wp-json\/wp\/v2\/pages\/3846","targetHints":{"allow":["GET"]}}],"collection":[{"href":"https:\/\/sp6.mikolow.eu\/index.php\/wp-json\/wp\/v2\/pages"}],"about":[{"href":"https:\/\/sp6.mikolow.eu\/index.php\/wp-json\/wp\/v2\/types\/page"}],"author":[{"embeddable":true,"href":"https:\/\/sp6.mikolow.eu\/index.php\/wp-json\/wp\/v2\/users\/1"}],"replies":[{"embeddable":true,"href":"https:\/\/sp6.mikolow.eu\/index.php\/wp-json\/wp\/v2\/comments?post=3846"}],"version-history":[{"count":20,"href":"https:\/\/sp6.mikolow.eu\/index.php\/wp-json\/wp\/v2\/pages\/3846\/revisions"}],"predecessor-version":[{"id":8220,"href":"https:\/\/sp6.mikolow.eu\/index.php\/wp-json\/wp\/v2\/pages\/3846\/revisions\/8220"}],"wp:featuredmedia":[{"embeddable":true,"href":"https:\/\/sp6.mikolow.eu\/index.php\/wp-json\/wp\/v2\/media\/6978"}],"wp:attachment":[{"href":"https:\/\/sp6.mikolow.eu\/index.php\/wp-json\/wp\/v2\/media?parent=3846"}],"curies":[{"name":"wp","href":"https:\/\/api.w.org\/{rel}","templated":true}]}}