{"id":3876,"date":"2022-11-29T11:04:58","date_gmt":"2022-11-29T11:04:58","guid":{"rendered":"http:\/\/sp6.mikolow.eu\/?page_id=3876"},"modified":"2026-03-27T10:46:25","modified_gmt":"2026-03-27T10:46:25","slug":"deklaracja-dostepnosci","status":"publish","type":"page","link":"https:\/\/sp6.mikolow.eu\/index.php\/deklaracja-dostepnosci\/","title":{"rendered":"Deklaracja dost\u0119pno\u015bci"},"content":{"rendered":"\t\t<div data-elementor-type=\"wp-page\" data-elementor-id=\"3876\" class=\"elementor elementor-3876\">\n\t\t\t\t\t\t<section class=\"has_eae_slider elementor-section elementor-top-section elementor-element elementor-element-5c33163e elementor-section-boxed elementor-section-height-default elementor-section-height-default\" data-eae-slider=\"5396\" data-id=\"5c33163e\" data-element_type=\"section\" data-e-type=\"section\">\n\t\t\t\t\t\t<div class=\"elementor-container elementor-column-gap-default\">\n\t\t\t\t\t<div class=\"has_eae_slider elementor-column elementor-col-100 elementor-top-column elementor-element elementor-element-60adb0e0\" data-eae-slider=\"57790\" data-id=\"60adb0e0\" data-element_type=\"column\" data-e-type=\"column\">\n\t\t\t<div class=\"elementor-widget-wrap elementor-element-populated\">\n\t\t\t\t\t\t<div class=\"elementor-element elementor-element-22828fc5 elementor-widget elementor-widget-text-editor\" data-id=\"22828fc5\" data-element_type=\"widget\" data-e-type=\"widget\" data-widget_type=\"text-editor.default\">\n\t\t\t\t<div class=\"elementor-widget-container\">\n\t\t\t\t\t\t\t\t\t<p id=\"a11y-wstep\"><span style=\"font-family: arial, helvetica, sans-serif; font-size: 12pt;\"><span id=\"a11y-podmiot\"><strong>Szko\u0142a Podstawowa nr 6 im. Jana Paw\u0142a II w Miko\u0142owie<\/strong><\/span>&nbsp;zobowi\u0105zuje si\u0119 zapewni\u0107 dost\u0119pno\u015b\u0107 swojej strony internetowej zgodnie z przepisami ustawy z dnia 4 kwietnia 2019 r. o dost\u0119pno\u015bci cyfrowej stron internetowych i aplikacji mobilnych podmiot\u00f3w publicznych. O\u015bwiadczenie w sprawie dost\u0119pno\u015bci ma zastosowanie do strony internetowej&nbsp;<span id=\"a11y-url\"><strong>www.sp6mikolow.szkolnastrona.pl<\/strong><\/span>.<\/span><\/p>\n<p><span style=\"font-family: arial, helvetica, sans-serif; font-size: 12pt;\">Data publikacji strony internetowej:&nbsp;<span id=\"a11y-data-publikacja\"><strong>2023-10-01<\/strong><\/span>.<\/span><\/p>\n<p><span style=\"font-family: arial, helvetica, sans-serif; font-size: 12pt;\">Data ostatniej istotnej aktualizacji:&nbsp;<span id=\"a11y-data-aktualizacja\"><strong>2026-03-26<\/strong><\/span><\/span><\/p>\n<h3><span style=\"font-family: arial, helvetica, sans-serif; font-size: 12pt;\">Status pod wzgl\u0119dem zgodno\u015bci z ustaw\u0105<\/span><\/h3>\n<p><span style=\"font-family: arial, helvetica, sans-serif; font-size: 12pt;\">Strona internetowa jest&nbsp;<strong id=\"a11y-status\">cz\u0119\u015bciowo zgodna<\/strong>&nbsp;z ustaw\u0105 z dnia 4 kwietnia 2019 r. o dost\u0119pno\u015bci cyfrowej stron internetowych i aplikacji mobilnych podmiot\u00f3w publicznych z powodu niezgodno\u015bci lub wy\u0142\u0105cze\u0144 wymienionych poni\u017cej.<\/span><\/p>\n<p><span style=\"font-family: arial, helvetica, sans-serif; font-size: 12pt;\">Filmy nie posiadaj\u0105 napis\u00f3w dla os\u00f3b g\u0142uchych, cz\u0119\u015b\u0107 plik\u00f3w nie jest dost\u0119pnych cyfrowo. Mapy s\u0105 wy\u0142\u0105czone s\u0105 z obowi\u0105zku zapewnienia dost\u0119pno\u015bci. Poprawienie dost\u0119pno\u015bci strony nios\u0142oby za sob\u0105 nadmierne obci\u0105\u017cenie dla podmiotu publicznego.&nbsp;<\/span><\/p>\n<h3><span style=\"font-family: arial, helvetica, sans-serif; font-size: 12pt;\">Data sporz\u0105dzenia Deklaracji i metoda oceny dost\u0119pno\u015bci cyfrowej<\/span><\/h3>\n<p><span style=\"font-family: arial, helvetica, sans-serif; font-size: 12pt;\">Deklaracj\u0119 sporz\u0105dzono dnia:&nbsp;<span id=\"a11y-data-sporzadzenie\"><strong>2020-03-31<\/strong><\/span>.<\/span><\/p>\n<p><span style=\"font-family: arial, helvetica, sans-serif; font-size: 12pt;\">Deklaracj\u0119 sporz\u0105dzono na podstawie samooceny przeprowadzonej przez podmiot publiczny.<\/span><\/p>\n<p><span style=\"font-family: arial, helvetica, sans-serif; font-size: 12pt;\">Badanie dost\u0119pno\u015bci zosta\u0142o przeprowadzone przez:&nbsp;<span id=\"a11y-audytor\"><strong>deklaracja zosta\u0142a ostatnio poddana przegl\u0105dowi i aktualizacji dnia: 2026-03-26<\/strong><\/span><\/span><\/p>\n<h3 id=\"a11y-kontakt\"><span style=\"font-family: arial, helvetica, sans-serif; font-size: 12pt;\">Informacje zwrotne i dane kontaktowe<\/span><\/h3>\n<p><span style=\"font-family: arial, helvetica, sans-serif; font-size: 12pt;\">W przypadku problem\u00f3w z dost\u0119pno\u015bci\u0105 strony internetowej prosimy o kontakt. Osob\u0105 kontaktow\u0105 jest&nbsp;<span id=\"a11y-osoba\"><strong>Aleksandra Nieszporek<\/strong><\/span>, e-mail:&nbsp;<a id=\"a11y-email\" href=\"mailto:sekretariat@sp6.mikolow.eu\"><strong>sekretariat@sp6.mikolow.eu<\/strong><\/a>. Kontaktowa\u0107 mo\u017cna si\u0119 tak\u017ce dzwoni\u0105c na numer telefonu&nbsp;<span id=\"a11y-telefon\"><strong>322261370<\/strong><\/span>. T\u0105 sam\u0105 drog\u0105 mo\u017cna sk\u0142ada\u0107 wnioski o udost\u0119pnienie informacji niedost\u0119pnej oraz sk\u0142ada\u0107 \u017c\u0105dania zapewnienia dost\u0119pno\u015bci.<\/span><\/p>\n<h3><span style=\"font-family: arial, helvetica, sans-serif; font-size: 12pt;\">Informacje na temat procedury odwo\u0142awczej<\/span><\/h3>\n<div id=\"a11y-procedura\">\n<p><span style=\"font-family: arial, helvetica, sans-serif; font-size: 12pt;\">Ka\u017cdy ma prawo do wyst\u0105pienia z \u017c\u0105daniem zapewnienia dost\u0119pno\u015bci cyfrowej strony internetowej, aplikacji mobilnej lub jakiego\u015b ich elementu. Mo\u017cna tak\u017ce za\u017c\u0105da\u0107 udost\u0119pnienia informacji za pomoc\u0105 alternatywnego sposobu dost\u0119pu, na przyk\u0142ad przez odczytanie niedost\u0119pnego cyfrowo dokumentu, opisanie zawarto\u015bci filmu bez audio deskrypcji itp. \u017b\u0105danie powinno zawiera\u0107 dane osoby zg\u0142aszaj\u0105cej \u017c\u0105danie, wskazanie, o kt\u00f3r\u0105 stron\u0119 internetow\u0105 lub aplikacj\u0119 mobiln\u0105 chodzi oraz spos\u00f3b kontaktu. Je\u017celi osoba \u017c\u0105daj\u0105ca zg\u0142asza potrzeb\u0119 otrzymania informacji za pomoc\u0105 alternatywnego sposobu dost\u0119pu, powinna tak\u017ce okre\u015bli\u0107 dogodny dla niej spos\u00f3b przedstawienia tej informacji. Podmiot publiczny powinien zrealizowa\u0107 \u017c\u0105danie niezw\u0142ocznie, nie p\u00f3\u017aniej ni\u017c w ci\u0105gu 7 dni od dnia wyst\u0105pienia z \u017c\u0105daniem. Je\u017celi dotrzymanie tego terminu nie jest mo\u017cliwe, podmiot publiczny niezw\u0142ocznie informuje o tym wnosz\u0105cego \u017c\u0105danie, kiedy realizacja \u017c\u0105dania b\u0119dzie mo\u017cliwa, przy czym termin ten nie mo\u017ce by\u0107 d\u0142u\u017cszy ni\u017c 2 miesi\u0105ce od dnia wyst\u0105pienia z \u017c\u0105daniem. Je\u017celi zapewnienie dost\u0119pno\u015bci cyfrowej nie jest mo\u017cliwe, podmiot publiczny mo\u017ce zaproponowa\u0107 alternatywny spos\u00f3b dost\u0119pu do informacji. W przypadku, gdy podmiot publiczny odm\u00f3wi realizacji \u017c\u0105dania zapewnienia dost\u0119pno\u015bci lub alternatywnego sposobu dost\u0119pu do informacji, wnosz\u0105cy \u017c\u0105danie mo\u017cne z\u0142o\u017cy\u0107 skarg\u0119 w sprawie zapewniana dost\u0119pno\u015bci cyfrowej strony internetowej, aplikacji mobilnej lub elementu strony internetowej, lub aplikacji mobilnej. Po wyczerpaniu wskazanej wy\u017cej procedury mo\u017cna tak\u017ce z\u0142o\u017cy\u0107 wniosek do Rzecznika Praw Obywatelskich.<\/span><\/p>\n<\/div>\n<h3 id=\"a11y-architektura\"><span style=\"font-family: arial, helvetica, sans-serif; font-size: 12pt;\">Dost\u0119pno\u015b\u0107 architektoniczna<\/span><\/h3>\n<div>\n<div class=\"wrapper_parent\">\n<div class=\"inside content_border\">\n<div id=\"user_content\">\n<p><span style=\"font-family: arial, helvetica, sans-serif; font-size: 12pt;\">1. Do budynku szko\u0142y prowadzi g\u0142\u00f3wne wej\u015bcie znajduj\u0105ce si\u0119 od ulicy Gliwickiej, prowadz\u0105 do niego schody. Przy g\u0142\u00f3wnym wej\u015bciu znajduje si\u0119 wiatro\u0142ap. Wej\u015bcie jest og\u00f3lnodost\u0119pne w godzinach pracy szko\u0142y. Ponadto s\u0105 jeszcze dwa wej\u015bcia od strony parkingu oraz boiska. Wej\u015bcie od parkingu jest przeznaczone dla os\u00f3b niepe\u0142nosprawnych. Przy kraw\u0119dzi schod\u00f3w znajduje si\u0119 dzwonek dostosowany wysoko\u015bci\u0105 dla osoby siedz\u0105cej na w\u00f3zku, za pomoc\u0105 kt\u00f3rego mo\u017cna wezwa\u0107 wo\u017an\u0105. Wszystkie wej\u015bcia do budynku s\u0105 zabezpieczone domofonem.&nbsp;<\/span><\/p>\n<p><span style=\"font-family: arial, helvetica, sans-serif; font-size: 12pt;\">2. W budynku na ka\u017cdym poziomie (parter i I pi\u0119tro) znajduje si\u0119 korytarz. Na pierwsze pi\u0119tro prowadz\u0105 schody. Szko\u0142a posiada schodo\u0142az.<\/span><\/p>\n<p><span style=\"font-family: arial, helvetica, sans-serif; font-size: 12pt;\">3.&nbsp;Parking Szko\u0142y Podstawowej nr 6 znajduje si\u0119 z boku budynku z wjazdem od strony g\u0142\u00f3wnej przy ul. Gliwickiej z wyznaczonym miejscem parkingowym dla OzN.<\/span><\/p>\n<p><span style=\"font-family: arial, helvetica, sans-serif; font-size: 12pt;\">4. Do szko\u0142y mo\u017ce wej\u015b\u0107 osoba z psem asystuj\u0105cym. Warunkiem wej\u015bcia na teren szko\u0142y z psem asystuj\u0105cym jest wyposa\u017cenie psa asystuj\u0105cego w uprz\u0105\u017c oraz posiadanie przez osob\u0119 niepe\u0142nosprawn\u0105 certyfikatu potwierdzaj\u0105cego status psa asystuj\u0105cego i za\u015bwiadczenia o wykonaniu wymaganych szczepie\u0144 weterynaryjnych. Mo\u017cliwo\u015b\u0107 wej\u015bcia do budynku szko\u0142y z psem asystuj\u0105cym nie zwalnia osoby niepe\u0142nosprawnej z odpowiedzialno\u015bci za szkody wyrz\u0105dzone przez psa asystuj\u0105cego. Osoba niepe\u0142nosprawna nie jest zobowi\u0105zana do zak\u0142adania psu asystuj\u0105cemu kaga\u0144ca oraz prowadzenia go na smyczy.<\/span><\/p>\n<p><span style=\"font-family: arial, helvetica, sans-serif; font-size: 12pt;\">5. W&nbsp;Szkole Podstawowej nr&nbsp;6&nbsp;w Miko\u0142owie&nbsp;nie ma p\u0119tli indukcyjnych.<\/span><\/p>\n<p><span style=\"font-family: arial, helvetica, sans-serif; font-size: 12pt;\">6. W budynku s\u0105 oznaczenia w&nbsp;alfabecie brajla oraz&nbsp; oznaczenia kontrastowe brak jest informacji w&nbsp;druku powi\u0119kszonym dla os\u00f3b s\u0142abowidz\u0105cych.<\/span><\/p>\n<p><span style=\"font-family: arial, helvetica, sans-serif; font-size: 12pt;\">7. W szkole nie ma mo\u017cliwo\u015bci skorzystania z t\u0142umacza j\u0119zyka migowego. Podstawy polskiego j\u0119zyka migowego zna sekretarz szko\u0142y p. Aleksandra Nieszporek.&nbsp;<\/span><\/p>\n<\/div>\n<\/div>\n<\/div>\n<\/div>\t\t\t\t\t\t\t\t<\/div>\n\t\t\t\t<\/div>\n\t\t\t\t\t<\/div>\n\t\t<\/div>\n\t\t\t\t\t<\/div>\n\t\t<\/section>\n\t\t\t\t<\/div>\n\t\t","protected":false},"excerpt":{"rendered":"<p>Szko\u0142a Podstawowa nr 6 im. Jana Paw\u0142a II w Miko\u0142owie&nbsp;zobowi\u0105zuje si\u0119 zapewni\u0107 dost\u0119pno\u015b\u0107 swojej strony internetowej zgodnie z przepisami ustawy z dnia 4 kwietnia 2019 r. o dost\u0119pno\u015bci cyfrowej stron internetowych i aplikacji mobilnych podmiot\u00f3w publicznych. O\u015bwiadczenie w sprawie dost\u0119pno\u015bci ma zastosowanie do strony internetowej&nbsp;www.sp6mikolow.szkolnastrona.pl. Data publikacji strony internetowej:&nbsp;2023-10-01. Data [&hellip;]<\/p>\n","protected":false},"author":1,"featured_media":0,"parent":0,"menu_order":0,"comment_status":"closed","ping_status":"closed","template":"","meta":{"ngg_post_thumbnail":0,"footnotes":""},"class_list":["post-3876","page","type-page","status-publish","hentry"],"_links":{"self":[{"href":"https:\/\/sp6.mikolow.eu\/index.php\/wp-json\/wp\/v2\/pages\/3876","targetHints":{"allow":["GET"]}}],"collection":[{"href":"https:\/\/sp6.mikolow.eu\/index.php\/wp-json\/wp\/v2\/pages"}],"about":[{"href":"https:\/\/sp6.mikolow.eu\/index.php\/wp-json\/wp\/v2\/types\/page"}],"author":[{"embeddable":true,"href":"https:\/\/sp6.mikolow.eu\/index.php\/wp-json\/wp\/v2\/users\/1"}],"replies":[{"embeddable":true,"href":"https:\/\/sp6.mikolow.eu\/index.php\/wp-json\/wp\/v2\/comments?post=3876"}],"version-history":[{"count":14,"href":"https:\/\/sp6.mikolow.eu\/index.php\/wp-json\/wp\/v2\/pages\/3876\/revisions"}],"predecessor-version":[{"id":8348,"href":"https:\/\/sp6.mikolow.eu\/index.php\/wp-json\/wp\/v2\/pages\/3876\/revisions\/8348"}],"wp:attachment":[{"href":"https:\/\/sp6.mikolow.eu\/index.php\/wp-json\/wp\/v2\/media?parent=3876"}],"curies":[{"name":"wp","href":"https:\/\/api.w.org\/{rel}","templated":true}]}}