{"id":3887,"date":"2022-11-29T11:15:29","date_gmt":"2022-11-29T11:15:29","guid":{"rendered":"http:\/\/sp6.mikolow.eu\/?page_id=3887"},"modified":"2022-11-29T11:16:36","modified_gmt":"2022-11-29T11:16:36","slug":"elektroniczna-skrzynka-podawcza","status":"publish","type":"page","link":"https:\/\/sp6.mikolow.eu\/index.php\/elektroniczna-skrzynka-podawcza\/","title":{"rendered":"Elektroniczna Skrzynka Podawcza"},"content":{"rendered":"<p><span style=\"font-family: arial, helvetica, sans-serif;\">Elektroniczna Skrzynka Podawcza dzia\u0142a w ramach rz\u0105dowego projektu e-PUAP, kt\u00f3ry udost\u0119pnia platform\u0119 wymiany korespondencji elektronicznej mi\u0119dzy obywatelem a urz\u0119dem\/jednostk\u0105.<\/span><\/p>\n<p><span style=\"font-family: arial, helvetica, sans-serif;\"><a href=\"http:\/\/epuap.gov.pl\/wps\/portal\/\" target=\"_blank\" rel=\"noopener\">E-PUAP<\/a><\/span><\/p>\n<p><span style=\"font-family: arial, helvetica, sans-serif;\">ADRES SKRZYNKI PODAWCZEJ NA PLATFORMIE ePUAP:&nbsp;<strong>&nbsp;\/sp6mikolow\/domyslna<\/strong><\/span><\/p>\n<p><span style=\"font-family: arial, helvetica, sans-serif;\">Wszystkie dokumenty elektroniczne wys\u0142ane przez Elektroniczn\u0105 Skrzykn\u0119 Podawcz\u0105 musz\u0105 zosta\u0107 podpisane jednym z dw\u00f3ch typ\u00f3w podpis\u00f3w:<\/span><\/p>\n<ol>\n<li><span style=\"font-family: arial, helvetica, sans-serif;\">p\u0142atnym kwalifikowanym podpisem elektronicznym<\/span><\/li>\n<li><span style=\"font-family: arial, helvetica, sans-serif;\">darmowym podpisem potwierdzonym profilem zaufanym<\/span><\/li>\n<\/ol>\n<p><span style=\"font-family: arial, helvetica, sans-serif;\">&nbsp;W celu skorzystania z Elektronicznej Skrzynki Podawczej dost\u0119pnej na platformie e-PUAP, niezb\u0119dne jest spe\u0142nienie nast\u0119puj\u0105cych warunk\u00f3w:<\/span><\/p>\n<ol>\n<li><span style=\"font-family: arial, helvetica, sans-serif;\"><a href=\"https:\/\/epuap.gov.pl\/wps\/portal\/!ut\/p\/c1\/04_SB8K8xLLM9MSSzPy8xBz9CP0os3gTcy8fU09LYwP_YHNHA08jE2N3C38TIwMTY_1I_ShzhLxFsJ-BgaenhWeYmWuIgYG3kX5BdqAiAMl2FD4!\/\" target=\"_blank\" rel=\"noopener\">za\u0142o\u017cenie indywidualnego (darmowego) konta<\/a><\/span><\/li>\n<li><span style=\"font-family: arial, helvetica, sans-serif;\"><a href=\"http:\/\/epuap.gov.pl\/wps\/portal\/E2_ProfilZaufany\" target=\"_blank\" rel=\"noopener\">posiadanie profilu zaufanego<\/a>&nbsp;lub certyfikatu kwalifikowanego<\/span><\/li>\n<\/ol>\n<p><span style=\"font-family: arial, helvetica, sans-serif;\">&nbsp;Akceptowane formaty za\u0142\u0105cznik\u00f3w plik\u00f3w:<\/span><\/p>\n<p><span style=\"font-family: arial, helvetica, sans-serif;\">DOC, RTF, ODT, XLS, ODS, CSV, TXT, GIF, TIF, BMP, JPG, PNG, PDF, formaty kompresji ZIP, RAR<\/span><\/p>\n","protected":false},"excerpt":{"rendered":"<p>Elektroniczna Skrzynka Podawcza dzia\u0142a w ramach rz\u0105dowego projektu e-PUAP, kt\u00f3ry udost\u0119pnia platform\u0119 wymiany korespondencji elektronicznej mi\u0119dzy obywatelem a urz\u0119dem\/jednostk\u0105. E-PUAP ADRES SKRZYNKI PODAWCZEJ NA PLATFORMIE ePUAP:&nbsp;&nbsp;\/sp6mikolow\/domyslna Wszystkie dokumenty elektroniczne wys\u0142ane przez Elektroniczn\u0105 Skrzykn\u0119 Podawcz\u0105 musz\u0105 zosta\u0107 podpisane jednym z dw\u00f3ch typ\u00f3w podpis\u00f3w: p\u0142atnym kwalifikowanym podpisem elektronicznym darmowym podpisem potwierdzonym profilem [&hellip;]<\/p>\n","protected":false},"author":1,"featured_media":0,"parent":0,"menu_order":0,"comment_status":"closed","ping_status":"closed","template":"","meta":{"ngg_post_thumbnail":0,"footnotes":""},"class_list":["post-3887","page","type-page","status-publish","hentry"],"_links":{"self":[{"href":"https:\/\/sp6.mikolow.eu\/index.php\/wp-json\/wp\/v2\/pages\/3887","targetHints":{"allow":["GET"]}}],"collection":[{"href":"https:\/\/sp6.mikolow.eu\/index.php\/wp-json\/wp\/v2\/pages"}],"about":[{"href":"https:\/\/sp6.mikolow.eu\/index.php\/wp-json\/wp\/v2\/types\/page"}],"author":[{"embeddable":true,"href":"https:\/\/sp6.mikolow.eu\/index.php\/wp-json\/wp\/v2\/users\/1"}],"replies":[{"embeddable":true,"href":"https:\/\/sp6.mikolow.eu\/index.php\/wp-json\/wp\/v2\/comments?post=3887"}],"version-history":[{"count":2,"href":"https:\/\/sp6.mikolow.eu\/index.php\/wp-json\/wp\/v2\/pages\/3887\/revisions"}],"predecessor-version":[{"id":3889,"href":"https:\/\/sp6.mikolow.eu\/index.php\/wp-json\/wp\/v2\/pages\/3887\/revisions\/3889"}],"wp:attachment":[{"href":"https:\/\/sp6.mikolow.eu\/index.php\/wp-json\/wp\/v2\/media?parent=3887"}],"curies":[{"name":"wp","href":"https:\/\/api.w.org\/{rel}","templated":true}]}}