{"id":5874,"date":"2024-03-02T19:39:55","date_gmt":"2024-03-02T19:39:55","guid":{"rendered":"https:\/\/sp6.mikolow.eu\/?page_id=5874"},"modified":"2026-02-09T06:24:21","modified_gmt":"2026-02-09T06:24:21","slug":"kontakt","status":"publish","type":"page","link":"https:\/\/sp6.mikolow.eu\/index.php\/kontakt\/","title":{"rendered":"Kontakt"},"content":{"rendered":"<div class=\"sc-lkgTHX hwTlNL\"><span style=\"font-size: 18pt; color: #008000;\"><strong><span class=\"sc-dUbtfd hcKver\"><span id=\"default-10\" class=\"sc-bQtKYq CnSGJ\" data-tip=\"true\" data-for=\"default-10-tooltip\">Zesp\u00f3\u0142 Szkolno-Przedszkolny nr 3 <span style=\"color: #000000;\">w Miko\u0142owie<\/span><\/span><\/span><\/strong><\/span><\/div>\n<ul style=\"list-style-type: disc;\">\n<li><a href=\"https:\/\/www.facebook.com\/zs2mikolow?locale=pl_PL\">Szko\u0142a Podstawowa nr 6 im. Jana Paw\u0142a II<\/a><\/li>\n<li><a href=\"https:\/\/www.facebook.com\/przedszkole6mikolow\/?locale=pl_PL\">Przedszkole nr 6 im. Krasnala Ha\u0142aba\u0142y<\/a><\/li>\n<\/ul>\n<div>&nbsp;<\/div>\n<div><strong>Dane kontaktowe:<\/strong><\/div>\n<ul style=\"list-style-type: disc;\">\n<li class=\"__react_component_tooltip t027161b5-7d3d-480d-819c-a8d216c2d580 place-top type-custom sc-fXEqDS gwTBbb\" data-id=\"tooltip\">Adres: <span style=\"color: #008000;\"><span class=\"sc-dUbtfd hcKver\"><span id=\"default-20\" class=\"sc-bQtKYq byXRKx\" data-tip=\"true\" data-for=\"default-20-tooltip\" aria-describedby=\"t71903af1-6c14-4b5e-a0be-775a4b7e6e9c\">ul. Gliwicka 299, Miko\u0142\u00f3w 4<\/span><\/span><span class=\"sc-dUbtfd hcKver\"><span id=\"default-30\" class=\"sc-bQtKYq byXRKx\" data-tip=\"true\" data-for=\"default-30-tooltip\" aria-describedby=\"t805f1da6-c656-4bf0-a406-db89a6063b37\">3-190&nbsp;<\/span><\/span><\/span><\/li>\n<li class=\"sc-lkgTHX hwTlNL\"><span class=\"sc-jlRLRk kOamcq\">Telefon<\/span><span class=\"sc-dUbtfd hcKver\"><span id=\"Telefon-40\" class=\"sc-bQtKYq byXRKx\" data-tip=\"true\" data-for=\"Telefon-40-tooltip\">: <span style=\"color: #008000;\">32 226 13 70<\/span><\/span><\/span><\/li>\n<li>Telefon kom\u00f3rkowy: <span style=\"color: #008000;\">785 917 653<\/span><\/li>\n<li>Telefon \u015bwietlica: <span style=\"color: #008000;\">576 965 465<\/span><\/li>\n<\/ul>\n<div class=\"__react_component_tooltip t4bd3efad-a0d1-483a-83e6-281fb6767ee7 place-top type-dark\" data-id=\"tooltip\">&nbsp;<\/div>\n<div data-id=\"tooltip\"><strong>Internet:<\/strong><\/div>\n<ul style=\"list-style-type: disc;\">\n<li class=\"sc-lkgTHX hwTlNL\"><span class=\"sc-jlRLRk kOamcq\">Mail: <\/span><span class=\"sc-dUbtfd hcKver\"><a class=\"sc-cbTzjv dVRhbQ\" title=\"sekretariat@sp6.mikolow.eu\" href=\"mailto:sekretariat@sp6.mikolow.eu\" rel=\"nofollow noopener\">sekretariat@zsp3.mikolow.eu<\/a><\/span><\/li>\n<li><span class=\"sc-jlRLRk kOamcq\">Strona www: <\/span><span class=\"sc-dUbtfd hcKver\"><a class=\"sc-cbTzjv dVRhbQ\" title=\"http:\/\/sp6.mikolow.eu\/\" href=\"https:\/\/zsp3.mikolow.eu\/\" target=\"_self\" rel=\"nofollow noopener\">zsp3.mikolow.eu<\/a><\/span><\/li>\n<li>Facebook: <a href=\"https:\/\/www.facebook.com\/profile.php?id=61579752971765&amp;locale=pl_PL\">www.facebook.com<\/a><\/li>\n<li>BIP: <a href=\"https:\/\/zsp3mikolow.bip.net.pl\/\" target=\"_blank\" rel=\"noopener\">zsp3mikolow.bip.net.pl<\/a><\/li>\n<\/ul>\n<div>&nbsp;<\/div>\n<div><strong>Dane urz\u0119dowe:<\/strong><\/div>\n<ul>\n<li class=\"sc-lkgTHX kNnsFm\"><span class=\"sc-jlRLRk kOamcq\">NIP: <span style=\"color: #008000;\">6351876821<\/span><\/span><\/li>\n<li class=\"sc-lkgTHX kniwoX\"><span class=\"sc-jlRLRk kOamcq\">REGON: <span style=\"color: #008000;\">542535715<\/span><\/span><\/li>\n<\/ul>\n<p>&nbsp;<\/p>\n<p><strong>Organy nadrz\u0119dne:<\/strong><\/p>\n<ul style=\"list-style-type: square;\">\n<li>Organ prowadz\u0105cy: <span style=\"color: #008000;\">Gmina Miko\u0142\u00f3w<\/span><\/li>\n<li>Organ nadzoru pedagogicznego: <span style=\"color: #008000;\">Kuratorium O\u015bwiaty w Katowicach Delegatura w Rybniku<\/span><\/li>\n<\/ul>\n<p><iframe style=\"border: 0;\" src=\"https:\/\/www.google.com\/maps\/embed?pb=!1m14!1m12!1m3!1d636.3794350065183!2d18.817634504321514!3d50.223462954248035!2m3!1f0!2f0!3f0!3m2!1i1024!2i768!4f13.1!5e1!3m2!1spl!2spl!4v1709671505004!5m2!1spl!2spl\" width=\"800\" height=\"400\" allowfullscreen=\"allowfullscreen\"><\/iframe><\/p>\n","protected":false},"excerpt":{"rendered":"<p>Zesp\u00f3\u0142 Szkolno-Przedszkolny nr 3 w Miko\u0142owie Szko\u0142a Podstawowa nr 6 im. Jana Paw\u0142a II Przedszkole nr 6 im. Krasnala Ha\u0142aba\u0142y &nbsp; Dane kontaktowe: Adres: ul. Gliwicka 299, Miko\u0142\u00f3w 43-190&nbsp; Telefon: 32 226 13 70 Telefon kom\u00f3rkowy: 785 917 653 Telefon \u015bwietlica: 576 965 465 &nbsp; Internet: Mail: sekretariat@zsp3.mikolow.eu Strona www: [&hellip;]<\/p>\n","protected":false},"author":7,"featured_media":0,"parent":0,"menu_order":0,"comment_status":"closed","ping_status":"closed","template":"","meta":{"ngg_post_thumbnail":0,"footnotes":""},"class_list":["post-5874","page","type-page","status-publish","hentry"],"_links":{"self":[{"href":"https:\/\/sp6.mikolow.eu\/index.php\/wp-json\/wp\/v2\/pages\/5874","targetHints":{"allow":["GET"]}}],"collection":[{"href":"https:\/\/sp6.mikolow.eu\/index.php\/wp-json\/wp\/v2\/pages"}],"about":[{"href":"https:\/\/sp6.mikolow.eu\/index.php\/wp-json\/wp\/v2\/types\/page"}],"author":[{"embeddable":true,"href":"https:\/\/sp6.mikolow.eu\/index.php\/wp-json\/wp\/v2\/users\/7"}],"replies":[{"embeddable":true,"href":"https:\/\/sp6.mikolow.eu\/index.php\/wp-json\/wp\/v2\/comments?post=5874"}],"version-history":[{"count":24,"href":"https:\/\/sp6.mikolow.eu\/index.php\/wp-json\/wp\/v2\/pages\/5874\/revisions"}],"predecessor-version":[{"id":8274,"href":"https:\/\/sp6.mikolow.eu\/index.php\/wp-json\/wp\/v2\/pages\/5874\/revisions\/8274"}],"wp:attachment":[{"href":"https:\/\/sp6.mikolow.eu\/index.php\/wp-json\/wp\/v2\/media?parent=5874"}],"curies":[{"name":"wp","href":"https:\/\/api.w.org\/{rel}","templated":true}]}}