{"id":6114,"date":"2024-03-05T22:06:57","date_gmt":"2024-03-05T22:06:57","guid":{"rendered":"https:\/\/sp6.mikolow.eu\/?page_id=6114"},"modified":"2026-02-08T21:48:45","modified_gmt":"2026-02-08T21:48:45","slug":"zaplecze","status":"publish","type":"page","link":"https:\/\/sp6.mikolow.eu\/index.php\/zaplecze\/","title":{"rendered":"Zaplecze"},"content":{"rendered":"<p><a href=\"https:\/\/sp6.mikolow.eu\/index.php\/galeria-zdjec-wnetrze-szkoly\/\"><span style=\"color: #008000; font-size: 18pt;\">Zobacz <strong>szko\u0142\u0119 wewn\u0105trz!<\/strong><\/span><\/a><\/p>\n<p><strong><a href=\"https:\/\/sp6.mikolow.eu\/index.php\/galeria-zdjec-wnetrze-szkoly\/\">GALERIA ZDJ\u0118\u0106<\/a><\/strong><\/p>\n<p><a href=\"https:\/\/sp6.mikolow.eu\/index.php\/galeria-zdjec-wnetrze-szkoly\/\"><img decoding=\"async\" class=\"alignleft wp-image-8242\" src=\"http:\/\/sp6.mikolow.eu\/wp-content\/uploads\/2026\/02\/SP6-2026-wnetrze-1-1024x576.jpg\" alt=\"\" width=\"252\" height=\"142\" srcset=\"https:\/\/sp6.mikolow.eu\/wp-content\/uploads\/2026\/02\/SP6-2026-wnetrze-1-1024x576.jpg 1024w, https:\/\/sp6.mikolow.eu\/wp-content\/uploads\/2026\/02\/SP6-2026-wnetrze-1-300x169.jpg 300w, https:\/\/sp6.mikolow.eu\/wp-content\/uploads\/2026\/02\/SP6-2026-wnetrze-1-768x432.jpg 768w, https:\/\/sp6.mikolow.eu\/wp-content\/uploads\/2026\/02\/SP6-2026-wnetrze-1-1536x864.jpg 1536w, https:\/\/sp6.mikolow.eu\/wp-content\/uploads\/2026\/02\/SP6-2026-wnetrze-1-2048x1152.jpg 2048w, https:\/\/sp6.mikolow.eu\/wp-content\/uploads\/2026\/02\/SP6-2026-wnetrze-1-1040x580.jpg 1040w\" sizes=\"(max-width: 252px) 100vw, 252px\" \/><\/a> <a href=\"https:\/\/sp6.mikolow.eu\/index.php\/galeria-zdjec-wnetrze-szkoly\/\"><img decoding=\"async\" class=\"alignleft wp-image-8247\" src=\"http:\/\/sp6.mikolow.eu\/wp-content\/uploads\/2026\/02\/SP6-2026-wnetrze-15-1024x576.jpg\" alt=\"\" width=\"254\" height=\"143\" srcset=\"https:\/\/sp6.mikolow.eu\/wp-content\/uploads\/2026\/02\/SP6-2026-wnetrze-15-1024x576.jpg 1024w, https:\/\/sp6.mikolow.eu\/wp-content\/uploads\/2026\/02\/SP6-2026-wnetrze-15-300x169.jpg 300w, https:\/\/sp6.mikolow.eu\/wp-content\/uploads\/2026\/02\/SP6-2026-wnetrze-15-768x432.jpg 768w, https:\/\/sp6.mikolow.eu\/wp-content\/uploads\/2026\/02\/SP6-2026-wnetrze-15-1536x864.jpg 1536w, https:\/\/sp6.mikolow.eu\/wp-content\/uploads\/2026\/02\/SP6-2026-wnetrze-15-2048x1152.jpg 2048w, https:\/\/sp6.mikolow.eu\/wp-content\/uploads\/2026\/02\/SP6-2026-wnetrze-15-1040x580.jpg 1040w\" sizes=\"(max-width: 254px) 100vw, 254px\" \/><\/a> <a href=\"https:\/\/sp6.mikolow.eu\/index.php\/galeria-zdjec-wnetrze-szkoly\/\"><img decoding=\"async\" class=\"alignleft wp-image-8243\" src=\"http:\/\/sp6.mikolow.eu\/wp-content\/uploads\/2026\/02\/SP6-2026-wnetrze-2-1024x576.jpg\" alt=\"\" width=\"258\" height=\"145\" srcset=\"https:\/\/sp6.mikolow.eu\/wp-content\/uploads\/2026\/02\/SP6-2026-wnetrze-2-1024x576.jpg 1024w, https:\/\/sp6.mikolow.eu\/wp-content\/uploads\/2026\/02\/SP6-2026-wnetrze-2-300x169.jpg 300w, https:\/\/sp6.mikolow.eu\/wp-content\/uploads\/2026\/02\/SP6-2026-wnetrze-2-768x432.jpg 768w, https:\/\/sp6.mikolow.eu\/wp-content\/uploads\/2026\/02\/SP6-2026-wnetrze-2-1536x864.jpg 1536w, https:\/\/sp6.mikolow.eu\/wp-content\/uploads\/2026\/02\/SP6-2026-wnetrze-2-2048x1152.jpg 2048w, https:\/\/sp6.mikolow.eu\/wp-content\/uploads\/2026\/02\/SP6-2026-wnetrze-2-1040x580.jpg 1040w\" sizes=\"(max-width: 258px) 100vw, 258px\" \/><\/a><\/p>\n<p>&nbsp;<\/p>\n<p>&nbsp;<\/p>\n<p>&nbsp;<\/p>\n<p>&nbsp;<\/p>\n<p><a href=\"https:\/\/youtu.be\/dkvN8yyqMEw\"><span style=\"font-size: 18pt; color: #008000;\">Zobacz <strong>szko\u0142\u0119 okiem kamery!<\/strong><\/span><\/a><\/p>\n<p><iframe src=\"\/\/www.youtube.com\/embed\/dkvN8yyqMEw\" width=\"900\" height=\"505\" allowfullscreen=\"allowfullscreen\"><\/iframe><\/p>\n<p>Fragment filmu pt. <strong>\u201eBorowa Wie\u015b \u2013 Jest takie miejsce\u201d<\/strong>. Ca\u0142o\u015b\u0107 mo\u017cna zobaczy\u0107 <a href=\"https:\/\/youtu.be\/7BLbEDVh0yc\">tutaj<\/a><\/p>\n","protected":false},"excerpt":{"rendered":"<p>Zobacz szko\u0142\u0119 wewn\u0105trz! GALERIA ZDJ\u0118\u0106 &nbsp; &nbsp; &nbsp; &nbsp; Zobacz szko\u0142\u0119 okiem kamery! Fragment filmu pt. \u201eBorowa Wie\u015b \u2013 Jest takie miejsce\u201d. Ca\u0142o\u015b\u0107 mo\u017cna zobaczy\u0107 tutaj<\/p>\n","protected":false},"author":7,"featured_media":0,"parent":0,"menu_order":0,"comment_status":"closed","ping_status":"closed","template":"","meta":{"ngg_post_thumbnail":0,"footnotes":""},"class_list":["post-6114","page","type-page","status-publish","hentry"],"_links":{"self":[{"href":"https:\/\/sp6.mikolow.eu\/index.php\/wp-json\/wp\/v2\/pages\/6114","targetHints":{"allow":["GET"]}}],"collection":[{"href":"https:\/\/sp6.mikolow.eu\/index.php\/wp-json\/wp\/v2\/pages"}],"about":[{"href":"https:\/\/sp6.mikolow.eu\/index.php\/wp-json\/wp\/v2\/types\/page"}],"author":[{"embeddable":true,"href":"https:\/\/sp6.mikolow.eu\/index.php\/wp-json\/wp\/v2\/users\/7"}],"replies":[{"embeddable":true,"href":"https:\/\/sp6.mikolow.eu\/index.php\/wp-json\/wp\/v2\/comments?post=6114"}],"version-history":[{"count":17,"href":"https:\/\/sp6.mikolow.eu\/index.php\/wp-json\/wp\/v2\/pages\/6114\/revisions"}],"predecessor-version":[{"id":8268,"href":"https:\/\/sp6.mikolow.eu\/index.php\/wp-json\/wp\/v2\/pages\/6114\/revisions\/8268"}],"wp:attachment":[{"href":"https:\/\/sp6.mikolow.eu\/index.php\/wp-json\/wp\/v2\/media?parent=6114"}],"curies":[{"name":"wp","href":"https:\/\/api.w.org\/{rel}","templated":true}]}}