{"id":6625,"date":"2024-06-12T09:06:18","date_gmt":"2024-06-12T09:06:18","guid":{"rendered":"https:\/\/sp6.mikolow.eu\/?page_id=6625"},"modified":"2024-06-12T15:13:20","modified_gmt":"2024-06-12T15:13:20","slug":"piesn-o-janie-pawle-ii-wielkim","status":"publish","type":"page","link":"https:\/\/sp6.mikolow.eu\/index.php\/piesn-o-janie-pawle-ii-wielkim\/","title":{"rendered":"PIE\u015a\u0143 O JANIE PAWLE II WIELKIM"},"content":{"rendered":"<p>Repertuar pie\u015bni ku czci \u015bwi\u0119tego Jana Paw\u0142a II jest bardzo bogaty. Wiele napisanych pie\u015bni oraz skomponowanych utwor\u00f3w, kt\u00f3re sta\u0142y si\u0119 modlitw\u0105 \u015bpiewan\u0105, powsta\u0142o przed beatyfikacj\u0105 (w niedziel\u0119 1 maja 2011 roku) i przed kanonizacj\u0105 (w niedziel\u0119 27 kwietnia 2014 roku) Ojca \u015bwi\u0119tego.<\/p>\n<p>Okoliczno\u015bci powstania niniejszego utworu zwi\u0105zane by\u0142y z przygotowaniami do jubileuszu 80 \u2013 lecia Szko\u0142y Podstawowej nr 6 im.<br \/>\nJana Paw\u0142a II w Miko\u0142owie \u2013 Borowej Wsi oraz 10 \u2013 lecia nadania imienia.<\/p>\n<p>Kolejn\u0105 bardzo wa\u017cn\u0105 sposobno\u015bci\u0105 do napisania powy\u017cszych s\u0142\u00f3w by\u0142 zbli\u017caj\u0105cy si\u0119 jubileusz 100 \u2013 lecia urodzin (w poniedzia\u0142ek 18 maja 2020 roku) oraz 100 \u2013 lecie przyj\u0119cia sakramentu chrztu \u015bwi\u0119tego (w sobot\u0119 20 czerwca 2020 roku) przez<br \/>\nKarola Wojty\u0142\u0119.<\/p>\n<p>&nbsp;&nbsp;&nbsp;&nbsp;&nbsp;&nbsp;&nbsp;&nbsp;&nbsp;&nbsp;&nbsp;&nbsp;&nbsp; Warto r\u00f3wnie\u017c wspomnie\u0107, i\u017c zgodnie z uchwa\u0142\u0105 Sejmu RP rok 2020 ustanowiony zosta\u0142 <em>Rokiem \u015awi\u0119tego Jana Paw\u0142a II<\/em>.<\/p>\n<p>\/Tekst: Tadeusz Ciwis\/<\/p>\n<p>&nbsp;<\/p>\n","protected":false},"excerpt":{"rendered":"<p>Repertuar pie\u015bni ku czci \u015bwi\u0119tego Jana Paw\u0142a II jest bardzo bogaty. Wiele napisanych pie\u015bni oraz skomponowanych utwor\u00f3w, kt\u00f3re sta\u0142y si\u0119 modlitw\u0105 \u015bpiewan\u0105, powsta\u0142o przed beatyfikacj\u0105 (w niedziel\u0119 1 maja 2011 roku) i przed kanonizacj\u0105 (w niedziel\u0119 27 kwietnia 2014 roku) Ojca \u015bwi\u0119tego. Okoliczno\u015bci powstania niniejszego utworu zwi\u0105zane by\u0142y z przygotowaniami [&hellip;]<\/p>\n","protected":false},"author":6,"featured_media":0,"parent":0,"menu_order":0,"comment_status":"closed","ping_status":"closed","template":"","meta":{"ngg_post_thumbnail":0,"footnotes":""},"class_list":["post-6625","page","type-page","status-publish","hentry"],"_links":{"self":[{"href":"https:\/\/sp6.mikolow.eu\/index.php\/wp-json\/wp\/v2\/pages\/6625","targetHints":{"allow":["GET"]}}],"collection":[{"href":"https:\/\/sp6.mikolow.eu\/index.php\/wp-json\/wp\/v2\/pages"}],"about":[{"href":"https:\/\/sp6.mikolow.eu\/index.php\/wp-json\/wp\/v2\/types\/page"}],"author":[{"embeddable":true,"href":"https:\/\/sp6.mikolow.eu\/index.php\/wp-json\/wp\/v2\/users\/6"}],"replies":[{"embeddable":true,"href":"https:\/\/sp6.mikolow.eu\/index.php\/wp-json\/wp\/v2\/comments?post=6625"}],"version-history":[{"count":2,"href":"https:\/\/sp6.mikolow.eu\/index.php\/wp-json\/wp\/v2\/pages\/6625\/revisions"}],"predecessor-version":[{"id":6642,"href":"https:\/\/sp6.mikolow.eu\/index.php\/wp-json\/wp\/v2\/pages\/6625\/revisions\/6642"}],"wp:attachment":[{"href":"https:\/\/sp6.mikolow.eu\/index.php\/wp-json\/wp\/v2\/media?parent=6625"}],"curies":[{"name":"wp","href":"https:\/\/api.w.org\/{rel}","templated":true}]}}