{"id":6641,"date":"2024-06-12T15:13:36","date_gmt":"2024-06-12T15:13:36","guid":{"rendered":"https:\/\/sp6.mikolow.eu\/?page_id=6641"},"modified":"2024-06-12T15:13:36","modified_gmt":"2024-06-12T15:13:36","slug":"wersja-polska","status":"publish","type":"page","link":"https:\/\/sp6.mikolow.eu\/index.php\/wersja-polska\/","title":{"rendered":"Wersja polska"},"content":{"rendered":"<p style=\"text-align: center;\"><strong>PIE\u015a\u0143 O JANIE PAWLE II WIELKIM<br \/>\nZ OKAZJI JUBILEUSZU 100 \u2013 LECIA URODZIN<br \/>\n18 V 1920 r. \u2013 18 V 2020 r. <\/strong><\/p>\n<ol>\n<li style=\"text-align: left;\">Jest \u2013 takie miejsce na ziemi,<br \/>\ngdzie pos\u0142ug\u0119, Dobrego Pasterza,<br \/>\nrozpocz\u0105\u0142 Kap\u0142an, wybrany z Ludu.<\/li>\n<\/ol>\n<p style=\"text-align: left;\"><strong><u>Ref. <\/u><\/strong>Wadowice, Twoje miasto rodzinne,<br \/>\nby\u0142o \u015bwiadkiem, duchowego wzrastania,<br \/>\nku \u015bwi\u0119to\u015bci, dla ka\u017cdego cz\u0142owieka,<br \/>\ndla kt\u00f3rego, zawsze zostaniesz wzorem.<strong>&nbsp;<\/strong><\/p>\n<ol style=\"text-align: left;\" start=\"2\">\n<li>B\u00f3g \u2013 wybra\u0142 Ciebie Karolu,<br \/>\nna sternika, wsp\u00f3lnoty Ko\u015bcio\u0142a,<br \/>\nby\u015b j\u0105 prowadzi\u0142, do portu zbawienia.<\/li>\n<\/ol>\n<p style=\"text-align: left;\"><strong><u>Ref.<\/u><\/strong> Janie Pawle, \u015bwi\u0119ty nasz Przewodniku,<br \/>\nwskazuj drog\u0119, do niebia\u0144skiej krainy,<br \/>\nby\u015bmy mogli, kiedy\u015b tam spotka\u0107 Ciebie,<br \/>\npo\u015br\u00f3d \u015bwi\u0119tych, kt\u00f3rzy nas oczekuj\u0105.<\/p>\n<ol style=\"text-align: left;\" start=\"3\">\n<li>Ju\u017c \u2013 jako Pasterz nas wszystkich,<br \/>\nsprawowa\u0142e\u015b, pos\u0142ug\u0119 Piotrow\u0105,<br \/>\ni otwiera\u0142e\u015b, ludzkie serca na dobro.<\/li>\n<\/ol>\n<p style=\"text-align: left;\"><strong><u>Ref.<\/u><\/strong> Janie Pawle, dzisiaj prosimy Ciebie,<br \/>\nby\u015b zawo\u0142a\u0142, zn\u00f3w do nas wszystkich:<br \/>\n\u201eNie l\u0119kajcie si\u0119! A wyp\u0142y\u0144cie na g\u0142\u0119bi\u0119&#8221;<br \/>\ndla zbawienia i Jego mi\u0142o\u015bci.<\/p>\n<ol style=\"text-align: left;\" start=\"4\">\n<li>Pan \u2013 r\u00f3wnie\u017c b\u0119d\u0105c nad brzegiem,<br \/>\nspojrza\u0142 w niebo, w dzie\u0144 chwa\u0142y swojej<br \/>\nju\u017c chcia\u0142 by\u0107 z Nimi, od tamtej chwili.<\/li>\n<\/ol>\n<p style=\"text-align: left;\"><strong><u>Ref.<\/u><\/strong> Janie Pawle, przecie\u017c z\u0142o nas dosi\u0119ga,<br \/>\nratuj Ko\u015bci\u00f3\u0142, bo bez Niego zginiemy:<br \/>\n\u201eNie l\u0119kajcie si\u0119! A wyp\u0142y\u0144cie na g\u0142\u0119bie\u201d.<br \/>\nCa\u0142a naprz\u00f3d, zmartwychwstania ju\u017c blask.<\/p>\n<ol style=\"text-align: left;\" start=\"5\">\n<li>Gdy \u2013 odwiedza\u0142e\u015b Ojczyzn\u0119,<br \/>\nby\u0142e\u015b Ojcem i naszym Pasterzem,<br \/>\na Duch Wolno\u015bci, otacza\u0142 wsp\u00f3lnot\u0119.<\/li>\n<\/ol>\n<p style=\"text-align: left;\"><strong><u>Ref.<\/u><\/strong> Janie Pawle, dzi\u015b pokornie prosimy,<br \/>\nniech Duch \u015awi\u0119ty, nas darami obdarza<br \/>\ni odnawia, naszej ziemi oblicze,<br \/>\nby na zawsze, \u017cy\u0142a w Twojej wolno\u015bci.<\/p>\n<ol style=\"text-align: left;\" start=\"6\">\n<li>Dzi\u015b \u2013 kiedy jeste\u015b ju\u017c w niebie,<br \/>\ndzi\u0119kujemy, \u017ce B\u00f3g da\u0142 nam Ciebie,<br \/>\no wstawiennictwo prosimy Twoje.<\/li>\n<\/ol>\n<p style=\"text-align: left;\"><strong><u>Ref.<\/u><\/strong> Kochany nasz papie\u017cu Polaku,<br \/>\nwielk\u0105 dum\u0105, wielk\u0105 rado\u015bci\u0105 jeste\u015b.<br \/>\nOjcze bracie, Przyjacielu Rodaku,<br \/>\nserca ludu sw\u0105 mi\u0142o\u015bci\u0105 zdoby\u0142e\u015b.<\/p>\n<p style=\"text-align: left;\">\/s\u0142owa: Tadeusz Ciwis\/<\/p>\n<p>&nbsp;<\/p>\n","protected":false},"excerpt":{"rendered":"<p>PIE\u015a\u0143 O JANIE PAWLE II WIELKIM Z OKAZJI JUBILEUSZU 100 \u2013 LECIA URODZIN 18 V 1920 r. \u2013 18 V 2020 r. Jest \u2013 takie miejsce na ziemi, gdzie pos\u0142ug\u0119, Dobrego Pasterza, rozpocz\u0105\u0142 Kap\u0142an, wybrany z Ludu. Ref. Wadowice, Twoje miasto rodzinne, by\u0142o \u015bwiadkiem, duchowego wzrastania, ku \u015bwi\u0119to\u015bci, dla ka\u017cdego [&hellip;]<\/p>\n","protected":false},"author":6,"featured_media":0,"parent":0,"menu_order":0,"comment_status":"closed","ping_status":"closed","template":"","meta":{"ngg_post_thumbnail":0,"footnotes":""},"class_list":["post-6641","page","type-page","status-publish","hentry"],"_links":{"self":[{"href":"https:\/\/sp6.mikolow.eu\/index.php\/wp-json\/wp\/v2\/pages\/6641","targetHints":{"allow":["GET"]}}],"collection":[{"href":"https:\/\/sp6.mikolow.eu\/index.php\/wp-json\/wp\/v2\/pages"}],"about":[{"href":"https:\/\/sp6.mikolow.eu\/index.php\/wp-json\/wp\/v2\/types\/page"}],"author":[{"embeddable":true,"href":"https:\/\/sp6.mikolow.eu\/index.php\/wp-json\/wp\/v2\/users\/6"}],"replies":[{"embeddable":true,"href":"https:\/\/sp6.mikolow.eu\/index.php\/wp-json\/wp\/v2\/comments?post=6641"}],"version-history":[{"count":1,"href":"https:\/\/sp6.mikolow.eu\/index.php\/wp-json\/wp\/v2\/pages\/6641\/revisions"}],"predecessor-version":[{"id":6643,"href":"https:\/\/sp6.mikolow.eu\/index.php\/wp-json\/wp\/v2\/pages\/6641\/revisions\/6643"}],"wp:attachment":[{"href":"https:\/\/sp6.mikolow.eu\/index.php\/wp-json\/wp\/v2\/media?parent=6641"}],"curies":[{"name":"wp","href":"https:\/\/api.w.org\/{rel}","templated":true}]}}