{"id":7976,"date":"2025-10-06T18:52:30","date_gmt":"2025-10-06T18:52:30","guid":{"rendered":"https:\/\/sp6.mikolow.eu\/?page_id=7976"},"modified":"2025-10-06T18:59:22","modified_gmt":"2025-10-06T18:59:22","slug":"narodowy-program-rozwoju-czytelnictwa-2-0","status":"publish","type":"page","link":"https:\/\/sp6.mikolow.eu\/index.php\/narodowy-program-rozwoju-czytelnictwa-2-0\/","title":{"rendered":"Narodowy Program Rozwoju Czytelnictwa 2.0."},"content":{"rendered":"<p><strong><img fetchpriority=\"high\" decoding=\"async\" class=\"alignleft size-full wp-image-7978\" src=\"http:\/\/sp6.mikolow.eu\/wp-content\/uploads\/2025\/10\/Czytelnictwo.jpg\" alt=\"\" width=\"947\" height=\"132\" srcset=\"https:\/\/sp6.mikolow.eu\/wp-content\/uploads\/2025\/10\/Czytelnictwo.jpg 947w, https:\/\/sp6.mikolow.eu\/wp-content\/uploads\/2025\/10\/Czytelnictwo-300x42.jpg 300w, https:\/\/sp6.mikolow.eu\/wp-content\/uploads\/2025\/10\/Czytelnictwo-768x107.jpg 768w\" sizes=\"(max-width: 947px) 100vw, 947px\" \/><\/strong><\/p>\n<p><strong>Narodowy Program Rozwoju Czytelnictwa 2.0<\/strong> jest programem uchwalonym na lata 2021-2025 przez Rad\u0119 Ministr\u00f3w w celu poprawy stanu czytelnictwa w Polsce poprzez wzmacnianie roli bibliotek publicznych, szkolnych i pedagogicznych jako lokalnych o\u015brodk\u00f3w \u017cycia spo\u0142ecznego, stanowi\u0105cych centrum dost\u0119pu do kultury i wiedzy.<\/p>\n<p>Program jest realizowany przez<strong> Ministerstwo Kultury i Dziedzictwa Narodowego<\/strong>, przy zaanga\u017cowaniu:<\/p>\n<ul>\n<li><strong> Biblioteki Narodowej, <\/strong><\/li>\n<li><strong>Instytutu Ksi\u0105\u017cki i Narodowego Centrum Kultury<\/strong><\/li>\n<li>we wsp\u00f3\u0142pracy z <strong>Ministerstwem Edukacji Narodowej<\/strong> jako Operatora Priorytetu 3.<\/li>\n<\/ul>\n<p>Nasza szko\u0142a otrzyma\u0142a wsparcie finansowe w formie dotacji celowej na realizacj\u0119 dzia\u0142a\u0144 w ramach Priorytetu 3, kt\u00f3ry jest skierowany m.in. do szk\u00f3\u0142 podstawowych. \u015arodki finansowe b\u0119d\u0105 przeznaczone na zakup nowo\u015bci wydawniczych, lektur, wyposa\u017cenia biblioteki szkolnej oraz realizacj\u0119 dzia\u0142a\u0144 promuj\u0105cych czytelnictwo.<\/p>\n","protected":false},"excerpt":{"rendered":"<p>Narodowy Program Rozwoju Czytelnictwa 2.0 jest programem uchwalonym na lata 2021-2025 przez Rad\u0119 Ministr\u00f3w w celu poprawy stanu czytelnictwa w Polsce poprzez wzmacnianie roli bibliotek publicznych, szkolnych i pedagogicznych jako lokalnych o\u015brodk\u00f3w \u017cycia spo\u0142ecznego, stanowi\u0105cych centrum dost\u0119pu do kultury i wiedzy. Program jest realizowany przez Ministerstwo Kultury i Dziedzictwa Narodowego, [&hellip;]<\/p>\n","protected":false},"author":7,"featured_media":0,"parent":0,"menu_order":0,"comment_status":"closed","ping_status":"closed","template":"","meta":{"ngg_post_thumbnail":0,"footnotes":""},"class_list":["post-7976","page","type-page","status-publish","hentry"],"_links":{"self":[{"href":"https:\/\/sp6.mikolow.eu\/index.php\/wp-json\/wp\/v2\/pages\/7976","targetHints":{"allow":["GET"]}}],"collection":[{"href":"https:\/\/sp6.mikolow.eu\/index.php\/wp-json\/wp\/v2\/pages"}],"about":[{"href":"https:\/\/sp6.mikolow.eu\/index.php\/wp-json\/wp\/v2\/types\/page"}],"author":[{"embeddable":true,"href":"https:\/\/sp6.mikolow.eu\/index.php\/wp-json\/wp\/v2\/users\/7"}],"replies":[{"embeddable":true,"href":"https:\/\/sp6.mikolow.eu\/index.php\/wp-json\/wp\/v2\/comments?post=7976"}],"version-history":[{"count":2,"href":"https:\/\/sp6.mikolow.eu\/index.php\/wp-json\/wp\/v2\/pages\/7976\/revisions"}],"predecessor-version":[{"id":7979,"href":"https:\/\/sp6.mikolow.eu\/index.php\/wp-json\/wp\/v2\/pages\/7976\/revisions\/7979"}],"wp:attachment":[{"href":"https:\/\/sp6.mikolow.eu\/index.php\/wp-json\/wp\/v2\/media?parent=7976"}],"curies":[{"name":"wp","href":"https:\/\/api.w.org\/{rel}","templated":true}]}}