{"id":8249,"date":"2026-02-08T21:24:51","date_gmt":"2026-02-08T21:24:51","guid":{"rendered":"https:\/\/sp6.mikolow.eu\/?page_id=8249"},"modified":"2026-02-08T21:26:48","modified_gmt":"2026-02-08T21:26:48","slug":"galeria-zdjec-wnetrze-szkoly","status":"publish","type":"page","link":"https:\/\/sp6.mikolow.eu\/index.php\/galeria-zdjec-wnetrze-szkoly\/","title":{"rendered":"Galeria zdj\u0119\u0107 &#8211; wn\u0119trze szko\u0142y"},"content":{"rendered":"<p><img fetchpriority=\"high\" decoding=\"async\" class=\"alignleft size-large wp-image-8242\" src=\"http:\/\/sp6.mikolow.eu\/wp-content\/uploads\/2026\/02\/SP6-2026-wnetrze-1-1024x576.jpg\" alt=\"\" width=\"1024\" height=\"576\" srcset=\"https:\/\/sp6.mikolow.eu\/wp-content\/uploads\/2026\/02\/SP6-2026-wnetrze-1-1024x576.jpg 1024w, https:\/\/sp6.mikolow.eu\/wp-content\/uploads\/2026\/02\/SP6-2026-wnetrze-1-300x169.jpg 300w, https:\/\/sp6.mikolow.eu\/wp-content\/uploads\/2026\/02\/SP6-2026-wnetrze-1-768x432.jpg 768w, https:\/\/sp6.mikolow.eu\/wp-content\/uploads\/2026\/02\/SP6-2026-wnetrze-1-1536x864.jpg 1536w, https:\/\/sp6.mikolow.eu\/wp-content\/uploads\/2026\/02\/SP6-2026-wnetrze-1-2048x1152.jpg 2048w\" sizes=\"(max-width: 1024px) 100vw, 1024px\" \/> <img decoding=\"async\" class=\"alignleft size-large wp-image-8238\" src=\"http:\/\/sp6.mikolow.eu\/wp-content\/uploads\/2026\/02\/SP6-2026-wnetrze-27-1024x576.jpg\" alt=\"\" width=\"1024\" height=\"576\" srcset=\"https:\/\/sp6.mikolow.eu\/wp-content\/uploads\/2026\/02\/SP6-2026-wnetrze-27-1024x576.jpg 1024w, https:\/\/sp6.mikolow.eu\/wp-content\/uploads\/2026\/02\/SP6-2026-wnetrze-27-300x169.jpg 300w, https:\/\/sp6.mikolow.eu\/wp-content\/uploads\/2026\/02\/SP6-2026-wnetrze-27-768x432.jpg 768w, https:\/\/sp6.mikolow.eu\/wp-content\/uploads\/2026\/02\/SP6-2026-wnetrze-27-1536x864.jpg 1536w, https:\/\/sp6.mikolow.eu\/wp-content\/uploads\/2026\/02\/SP6-2026-wnetrze-27-2048x1152.jpg 2048w\" sizes=\"(max-width: 1024px) 100vw, 1024px\" \/> <img decoding=\"async\" class=\"alignleft size-large wp-image-8244\" src=\"http:\/\/sp6.mikolow.eu\/wp-content\/uploads\/2026\/02\/SP6-2026-wnetrze-9-1024x576.jpg\" alt=\"\" width=\"1024\" height=\"576\" srcset=\"https:\/\/sp6.mikolow.eu\/wp-content\/uploads\/2026\/02\/SP6-2026-wnetrze-9-1024x576.jpg 1024w, https:\/\/sp6.mikolow.eu\/wp-content\/uploads\/2026\/02\/SP6-2026-wnetrze-9-300x169.jpg 300w, https:\/\/sp6.mikolow.eu\/wp-content\/uploads\/2026\/02\/SP6-2026-wnetrze-9-768x432.jpg 768w, https:\/\/sp6.mikolow.eu\/wp-content\/uploads\/2026\/02\/SP6-2026-wnetrze-9-1536x864.jpg 1536w, https:\/\/sp6.mikolow.eu\/wp-content\/uploads\/2026\/02\/SP6-2026-wnetrze-9-2048x1152.jpg 2048w\" sizes=\"(max-width: 1024px) 100vw, 1024px\" \/> <img loading=\"lazy\" decoding=\"async\" class=\"alignleft size-large wp-image-8245\" src=\"http:\/\/sp6.mikolow.eu\/wp-content\/uploads\/2026\/02\/SP6-2026-wnetrze-13-1024x576.jpg\" alt=\"\" width=\"1024\" height=\"576\" srcset=\"https:\/\/sp6.mikolow.eu\/wp-content\/uploads\/2026\/02\/SP6-2026-wnetrze-13-1024x576.jpg 1024w, https:\/\/sp6.mikolow.eu\/wp-content\/uploads\/2026\/02\/SP6-2026-wnetrze-13-300x169.jpg 300w, https:\/\/sp6.mikolow.eu\/wp-content\/uploads\/2026\/02\/SP6-2026-wnetrze-13-768x432.jpg 768w, https:\/\/sp6.mikolow.eu\/wp-content\/uploads\/2026\/02\/SP6-2026-wnetrze-13-1536x864.jpg 1536w, https:\/\/sp6.mikolow.eu\/wp-content\/uploads\/2026\/02\/SP6-2026-wnetrze-13-2048x1152.jpg 2048w\" sizes=\"(max-width: 1024px) 100vw, 1024px\" \/> <img loading=\"lazy\" decoding=\"async\" class=\"alignleft size-large wp-image-8243\" src=\"http:\/\/sp6.mikolow.eu\/wp-content\/uploads\/2026\/02\/SP6-2026-wnetrze-2-1024x576.jpg\" alt=\"\" width=\"1024\" height=\"576\" srcset=\"https:\/\/sp6.mikolow.eu\/wp-content\/uploads\/2026\/02\/SP6-2026-wnetrze-2-1024x576.jpg 1024w, https:\/\/sp6.mikolow.eu\/wp-content\/uploads\/2026\/02\/SP6-2026-wnetrze-2-300x169.jpg 300w, https:\/\/sp6.mikolow.eu\/wp-content\/uploads\/2026\/02\/SP6-2026-wnetrze-2-768x432.jpg 768w, https:\/\/sp6.mikolow.eu\/wp-content\/uploads\/2026\/02\/SP6-2026-wnetrze-2-1536x864.jpg 1536w, https:\/\/sp6.mikolow.eu\/wp-content\/uploads\/2026\/02\/SP6-2026-wnetrze-2-2048x1152.jpg 2048w\" sizes=\"(max-width: 1024px) 100vw, 1024px\" \/><\/p>\n<p><img loading=\"lazy\" decoding=\"async\" class=\"alignleft size-large wp-image-8251\" src=\"http:\/\/sp6.mikolow.eu\/wp-content\/uploads\/2026\/02\/SP6-2026-wnetrze-20-1024x576.jpg\" alt=\"\" width=\"1024\" height=\"576\" srcset=\"https:\/\/sp6.mikolow.eu\/wp-content\/uploads\/2026\/02\/SP6-2026-wnetrze-20-1024x576.jpg 1024w, https:\/\/sp6.mikolow.eu\/wp-content\/uploads\/2026\/02\/SP6-2026-wnetrze-20-300x169.jpg 300w, https:\/\/sp6.mikolow.eu\/wp-content\/uploads\/2026\/02\/SP6-2026-wnetrze-20-768x432.jpg 768w, https:\/\/sp6.mikolow.eu\/wp-content\/uploads\/2026\/02\/SP6-2026-wnetrze-20-1536x864.jpg 1536w, https:\/\/sp6.mikolow.eu\/wp-content\/uploads\/2026\/02\/SP6-2026-wnetrze-20-2048x1152.jpg 2048w\" sizes=\"(max-width: 1024px) 100vw, 1024px\" \/> <img loading=\"lazy\" decoding=\"async\" class=\"alignleft size-large wp-image-8250\" src=\"http:\/\/sp6.mikolow.eu\/wp-content\/uploads\/2026\/02\/SP6-2026-wnetrze-18-1024x576.jpg\" alt=\"\" width=\"1024\" height=\"576\" srcset=\"https:\/\/sp6.mikolow.eu\/wp-content\/uploads\/2026\/02\/SP6-2026-wnetrze-18-1024x576.jpg 1024w, https:\/\/sp6.mikolow.eu\/wp-content\/uploads\/2026\/02\/SP6-2026-wnetrze-18-300x169.jpg 300w, https:\/\/sp6.mikolow.eu\/wp-content\/uploads\/2026\/02\/SP6-2026-wnetrze-18-768x432.jpg 768w, https:\/\/sp6.mikolow.eu\/wp-content\/uploads\/2026\/02\/SP6-2026-wnetrze-18-1536x864.jpg 1536w, https:\/\/sp6.mikolow.eu\/wp-content\/uploads\/2026\/02\/SP6-2026-wnetrze-18-2048x1152.jpg 2048w\" sizes=\"(max-width: 1024px) 100vw, 1024px\" \/> <img loading=\"lazy\" decoding=\"async\" class=\"alignleft size-large wp-image-8247\" src=\"http:\/\/sp6.mikolow.eu\/wp-content\/uploads\/2026\/02\/SP6-2026-wnetrze-15-1024x576.jpg\" alt=\"\" width=\"1024\" height=\"576\" srcset=\"https:\/\/sp6.mikolow.eu\/wp-content\/uploads\/2026\/02\/SP6-2026-wnetrze-15-1024x576.jpg 1024w, https:\/\/sp6.mikolow.eu\/wp-content\/uploads\/2026\/02\/SP6-2026-wnetrze-15-300x169.jpg 300w, https:\/\/sp6.mikolow.eu\/wp-content\/uploads\/2026\/02\/SP6-2026-wnetrze-15-768x432.jpg 768w, https:\/\/sp6.mikolow.eu\/wp-content\/uploads\/2026\/02\/SP6-2026-wnetrze-15-1536x864.jpg 1536w, https:\/\/sp6.mikolow.eu\/wp-content\/uploads\/2026\/02\/SP6-2026-wnetrze-15-2048x1152.jpg 2048w\" sizes=\"(max-width: 1024px) 100vw, 1024px\" \/> <img loading=\"lazy\" decoding=\"async\" class=\"alignleft size-large wp-image-8246\" src=\"http:\/\/sp6.mikolow.eu\/wp-content\/uploads\/2026\/02\/SP6-2026-wnetrze-14-1024x576.jpg\" alt=\"\" width=\"1024\" height=\"576\" srcset=\"https:\/\/sp6.mikolow.eu\/wp-content\/uploads\/2026\/02\/SP6-2026-wnetrze-14-1024x576.jpg 1024w, https:\/\/sp6.mikolow.eu\/wp-content\/uploads\/2026\/02\/SP6-2026-wnetrze-14-300x169.jpg 300w, https:\/\/sp6.mikolow.eu\/wp-content\/uploads\/2026\/02\/SP6-2026-wnetrze-14-768x432.jpg 768w, https:\/\/sp6.mikolow.eu\/wp-content\/uploads\/2026\/02\/SP6-2026-wnetrze-14-1536x864.jpg 1536w, https:\/\/sp6.mikolow.eu\/wp-content\/uploads\/2026\/02\/SP6-2026-wnetrze-14-2048x1152.jpg 2048w\" sizes=\"(max-width: 1024px) 100vw, 1024px\" \/> <img loading=\"lazy\" decoding=\"async\" class=\"alignleft size-large wp-image-8241\" src=\"http:\/\/sp6.mikolow.eu\/wp-content\/uploads\/2026\/02\/SP6-2026-wnetrze-32-1024x576.jpg\" alt=\"\" width=\"1024\" height=\"576\" srcset=\"https:\/\/sp6.mikolow.eu\/wp-content\/uploads\/2026\/02\/SP6-2026-wnetrze-32-1024x576.jpg 1024w, https:\/\/sp6.mikolow.eu\/wp-content\/uploads\/2026\/02\/SP6-2026-wnetrze-32-300x169.jpg 300w, https:\/\/sp6.mikolow.eu\/wp-content\/uploads\/2026\/02\/SP6-2026-wnetrze-32-768x432.jpg 768w, https:\/\/sp6.mikolow.eu\/wp-content\/uploads\/2026\/02\/SP6-2026-wnetrze-32-1536x864.jpg 1536w, https:\/\/sp6.mikolow.eu\/wp-content\/uploads\/2026\/02\/SP6-2026-wnetrze-32-2048x1152.jpg 2048w\" sizes=\"(max-width: 1024px) 100vw, 1024px\" \/> <img loading=\"lazy\" decoding=\"async\" class=\"alignleft size-large wp-image-8240\" src=\"http:\/\/sp6.mikolow.eu\/wp-content\/uploads\/2026\/02\/SP6-2026-wnetrze-31-1024x576.jpg\" alt=\"\" width=\"1024\" height=\"576\" srcset=\"https:\/\/sp6.mikolow.eu\/wp-content\/uploads\/2026\/02\/SP6-2026-wnetrze-31-1024x576.jpg 1024w, https:\/\/sp6.mikolow.eu\/wp-content\/uploads\/2026\/02\/SP6-2026-wnetrze-31-300x169.jpg 300w, https:\/\/sp6.mikolow.eu\/wp-content\/uploads\/2026\/02\/SP6-2026-wnetrze-31-768x432.jpg 768w, https:\/\/sp6.mikolow.eu\/wp-content\/uploads\/2026\/02\/SP6-2026-wnetrze-31-1536x864.jpg 1536w, https:\/\/sp6.mikolow.eu\/wp-content\/uploads\/2026\/02\/SP6-2026-wnetrze-31-2048x1152.jpg 2048w\" sizes=\"(max-width: 1024px) 100vw, 1024px\" \/><\/p>\n<p><img loading=\"lazy\" decoding=\"async\" class=\"alignleft size-large wp-image-8252\" src=\"http:\/\/sp6.mikolow.eu\/wp-content\/uploads\/2026\/02\/SP6-2026-wnetrze-22-1024x576.jpg\" alt=\"\" width=\"1024\" height=\"576\" srcset=\"https:\/\/sp6.mikolow.eu\/wp-content\/uploads\/2026\/02\/SP6-2026-wnetrze-22-1024x576.jpg 1024w, https:\/\/sp6.mikolow.eu\/wp-content\/uploads\/2026\/02\/SP6-2026-wnetrze-22-300x169.jpg 300w, https:\/\/sp6.mikolow.eu\/wp-content\/uploads\/2026\/02\/SP6-2026-wnetrze-22-768x432.jpg 768w, https:\/\/sp6.mikolow.eu\/wp-content\/uploads\/2026\/02\/SP6-2026-wnetrze-22-1536x864.jpg 1536w, https:\/\/sp6.mikolow.eu\/wp-content\/uploads\/2026\/02\/SP6-2026-wnetrze-22-2048x1152.jpg 2048w\" sizes=\"(max-width: 1024px) 100vw, 1024px\" \/><\/p>\n<p><img loading=\"lazy\" decoding=\"async\" class=\"alignleft size-large wp-image-8253\" src=\"http:\/\/sp6.mikolow.eu\/wp-content\/uploads\/2026\/02\/SP6-2026-wnetrze-24-1024x576.jpg\" alt=\"\" width=\"1024\" height=\"576\" srcset=\"https:\/\/sp6.mikolow.eu\/wp-content\/uploads\/2026\/02\/SP6-2026-wnetrze-24-1024x576.jpg 1024w, https:\/\/sp6.mikolow.eu\/wp-content\/uploads\/2026\/02\/SP6-2026-wnetrze-24-300x169.jpg 300w, https:\/\/sp6.mikolow.eu\/wp-content\/uploads\/2026\/02\/SP6-2026-wnetrze-24-768x432.jpg 768w, https:\/\/sp6.mikolow.eu\/wp-content\/uploads\/2026\/02\/SP6-2026-wnetrze-24-1536x864.jpg 1536w, https:\/\/sp6.mikolow.eu\/wp-content\/uploads\/2026\/02\/SP6-2026-wnetrze-24-2048x1152.jpg 2048w\" sizes=\"(max-width: 1024px) 100vw, 1024px\" \/><\/p>\n<p><img loading=\"lazy\" decoding=\"async\" class=\"alignleft size-large wp-image-8239\" src=\"http:\/\/sp6.mikolow.eu\/wp-content\/uploads\/2026\/02\/SP6-2026-wnetrze-29-576x1024.jpg\" alt=\"\" width=\"576\" height=\"1024\" srcset=\"https:\/\/sp6.mikolow.eu\/wp-content\/uploads\/2026\/02\/SP6-2026-wnetrze-29-576x1024.jpg 576w, https:\/\/sp6.mikolow.eu\/wp-content\/uploads\/2026\/02\/SP6-2026-wnetrze-29-169x300.jpg 169w, https:\/\/sp6.mikolow.eu\/wp-content\/uploads\/2026\/02\/SP6-2026-wnetrze-29-768x1365.jpg 768w, https:\/\/sp6.mikolow.eu\/wp-content\/uploads\/2026\/02\/SP6-2026-wnetrze-29-864x1536.jpg 864w, https:\/\/sp6.mikolow.eu\/wp-content\/uploads\/2026\/02\/SP6-2026-wnetrze-29-1152x2048.jpg 1152w, https:\/\/sp6.mikolow.eu\/wp-content\/uploads\/2026\/02\/SP6-2026-wnetrze-29-scaled.jpg 1440w\" sizes=\"(max-width: 576px) 100vw, 576px\" \/><\/p>\n","protected":false},"excerpt":{"rendered":"","protected":false},"author":7,"featured_media":0,"parent":0,"menu_order":0,"comment_status":"closed","ping_status":"closed","template":"","meta":{"ngg_post_thumbnail":0,"footnotes":""},"class_list":["post-8249","page","type-page","status-publish","hentry"],"_links":{"self":[{"href":"https:\/\/sp6.mikolow.eu\/index.php\/wp-json\/wp\/v2\/pages\/8249","targetHints":{"allow":["GET"]}}],"collection":[{"href":"https:\/\/sp6.mikolow.eu\/index.php\/wp-json\/wp\/v2\/pages"}],"about":[{"href":"https:\/\/sp6.mikolow.eu\/index.php\/wp-json\/wp\/v2\/types\/page"}],"author":[{"embeddable":true,"href":"https:\/\/sp6.mikolow.eu\/index.php\/wp-json\/wp\/v2\/users\/7"}],"replies":[{"embeddable":true,"href":"https:\/\/sp6.mikolow.eu\/index.php\/wp-json\/wp\/v2\/comments?post=8249"}],"version-history":[{"count":2,"href":"https:\/\/sp6.mikolow.eu\/index.php\/wp-json\/wp\/v2\/pages\/8249\/revisions"}],"predecessor-version":[{"id":8256,"href":"https:\/\/sp6.mikolow.eu\/index.php\/wp-json\/wp\/v2\/pages\/8249\/revisions\/8256"}],"wp:attachment":[{"href":"https:\/\/sp6.mikolow.eu\/index.php\/wp-json\/wp\/v2\/media?parent=8249"}],"curies":[{"name":"wp","href":"https:\/\/api.w.org\/{rel}","templated":true}]}}